{"id":52,"date":"2018-01-15T22:13:20","date_gmt":"2018-01-15T21:13:20","guid":{"rendered":"http:\/\/wachter-in.com\/de\/?page_id=52"},"modified":"2018-01-17T21:51:22","modified_gmt":"2018-01-17T20:51:22","slug":"home","status":"publish","type":"page","link":"http:\/\/wachter-in.com\/de\/","title":{"rendered":"Home"},"content":{"rendered":"<p>[et_pb_section bb_built=&#8220;1&#8243; admin_label=&#8220;Hero Section&#8220; _builder_version=&#8220;3.0.95&#8243; background_color_gradient_direction=&#8220;131deg&#8220; background_image=&#8220;http:\/\/wachter-in.com\/de\/wp-content\/uploads\/2018\/01\/header-bild.jpg&#8220; custom_padding=&#8220;110px|0px|110px|0px&#8220; animation_style=&#8220;slide&#8220; animation_direction=&#8220;top&#8220; animation_intensity_slide=&#8220;2%&#8220; animation_starting_opacity=&#8220;100%&#8220; parallax=&#8220;on&#8220;][et_pb_row custom_width_px=&#8220;1440px&#8220; _builder_version=&#8220;3.0.95&#8243; background_size=&#8220;initial&#8220; background_position=&#8220;top_left&#8220; background_repeat=&#8220;repeat&#8220; disabled_on=&#8220;off|off|off&#8220; disabled=&#8220;off&#8220;][et_pb_column type=&#8220;4_4&#8243;][et_pb_text _builder_version=&#8220;3.0.95&#8243; header_font=&#8220;Playfair Display|700|||||||&#8220; header_font_size=&#8220;60px&#8220; header_text_color=&#8220;#ffffff&#8220; header_line_height=&#8220;1.5em&#8220; background_size=&#8220;initial&#8220; background_position=&#8220;top_left&#8220; background_repeat=&#8220;repeat&#8220; custom_margin=&#8220;||20px|&#8220; locked=&#8220;off&#8220; disabled_on=&#8220;off||&#8220; disabled=&#8220;off&#8220; background_layout=&#8220;light&#8220; text_orientation=&#8220;center&#8220; module_alignment=&#8220;center&#8220; header_font_size_phone=&#8220;40px&#8220; header_font_size_last_edited=&#8220;on|phone&#8220;]<\/p>\n<h1>Everything is in Translation<\/h1>\n<p>[\/et_pb_text][et_pb_divider color=&#8220;#f7d584&#8243; show_divider=&#8220;on&#8220; divider_weight=&#8220;3px&#8220; height=&#8220;10px&#8220; disabled_on=&#8220;on|on|off&#8220; _builder_version=&#8220;3.0.89&#8243; max_width=&#8220;80px&#8220; module_alignment=&#8220;center&#8220; custom_margin=&#8220;||20px|&#8220; animation_style=&#8220;slide&#8220; animation_direction=&#8220;bottom&#8220; saved_tabs=&#8220;all&#8220; locked=&#8220;off&#8220; \/][\/et_pb_column][\/et_pb_row][\/et_pb_section][et_pb_section bb_built=&#8220;1&#8243; admin_label=&#8220;Collections&#8220; custom_padding_last_edited=&#8220;off|desktop&#8220; _builder_version=&#8220;3.0.89&#8243; custom_padding=&#8220;70px|0px|0px|0px&#8220; animation_style=&#8220;fade&#8220;][et_pb_row custom_padding=&#8220;0px||0px|&#8220; custom_margin=&#8220;||100px|&#8220; make_equal=&#8220;on&#8220; padding_right_1=&#8220;5%&#8220; padding_left_1=&#8220;5%&#8220; padding_top_2=&#8220;40px&#8220; padding_right_2=&#8220;40px&#8220; padding_bottom_2=&#8220;40px&#8220; padding_left_2=&#8220;40px&#8220; background_color_gradient_start_1=&#8220;#ff6a88&#8243; background_color_gradient_end_1=&#8220;#ff99ac&#8220; background_color_gradient_direction_1=&#8220;35deg&#8220; _builder_version=&#8220;3.0.89&#8243; module_alignment=&#8220;center&#8220; box_shadow_style=&#8220;preset3&#8243; box_shadow_vertical=&#8220;40px&#8220; box_shadow_blur=&#8220;50px&#8220; box_shadow_color=&#8220;rgba(0,0,0,0.1)&#8220;][et_pb_column type=&#8220;4_4&#8243;][et_pb_text _builder_version=&#8220;3.0.95&#8243; text_font=&#8220;Poppins||||||||&#8220; text_font_size=&#8220;16px&#8220; text_text_color=&#8220;rgba(0,0,0,0.58)&#8220; text_line_height=&#8220;1.9em&#8220; module_alignment=&#8220;center&#8220; custom_margin=&#8220;||30px|&#8220; background_layout=&#8220;light&#8220;]<\/p>\n<p>Eine <strong>qualitativ hochwertige<\/strong> \u00dcbersetzung sorgt bei Ihren Kunden f\u00fcr einen guten ersten und bleibenden Eindruck. Es hilft Ihnen auch die T\u00fcren zum internationalen Markt zu \u00f6ffnen. Wenn Sie einen fremdsprachigen Markt <strong>erobern<\/strong> oder Ihren bestehenden Kundenstamm <strong>erweitern<\/strong> wollen, dann sind Sie bei Wachter International an der richtigen Adresse!<\/p>\n<p><strong>Wachter International<\/strong> liefert <strong>\u00dcbersetzungen<\/strong> unter anderem in und aus den Sprachen Niederl\u00e4ndisch, Englisch und Deutsch, aber auch f\u00fcr <strong>Projektmanagement<\/strong> in anderen Sprachkombinationen stehe ich Ihnen gerne zur Verf\u00fcgung. Au\u00dferdem biete ich <strong>Firmenschulungen, Kurse und Einzelunterricht<\/strong> f\u00fcr Firmen und Privatpersonen an.<br \/>\n&nbsp;<\/p>\n<p>[\/et_pb_text][et_pb_testimonial _builder_version=&#8220;3.0.95&#8243; author=&#8220;Ines Wachter&#8220; company_name=&#8220;Wachter International&#8220; url=&#8220;http:\/\/wachter-in.com&#8220; url_new_window=&#8220;off&#8220; quote_icon=&#8220;off&#8220; use_background_color=&#8220;on&#8220; quote_icon_background_color=&#8220;#ffffff&#8220; background_layout=&#8220;dark&#8220; background_color=&#8220;#ff6a88&#8243; body_font=&#8220;Poppins||on||||||&#8220; body_font_size=&#8220;20&#8243; body_line_height=&#8220;1.9em&#8220; portrait_url=&#8220;http:\/\/wachter-in.com\/de\/wp-content\/uploads\/2018\/01\/testimonial-ines-wachter.jpg&#8220; portrait_width=&#8220;110&#8243; portrait_height=&#8220;110&#8243; box_shadow_style_image=&#8220;preset1&#8243; custom_padding=&#8220;40px||40px|&#8220; box_shadow_style=&#8220;preset3&#8243; quote_icon_color=&#8220;#f7d584&#8243; border_width_all=&#8220;1px&#8220; border_color_all=&#8220;rgba(53,55,64,0.4)&#8220;]<\/p>\n<p>Zum \u00dcbersetzen geh\u00f6rt nicht nur die \u00dcbertragung von einer Sprache in die andere, es muss auch der \u201eGeist\u201c der Sprache \u00fcbersetzt werden.<\/p>\n<p>[\/et_pb_testimonial][et_pb_text _builder_version=&#8220;3.0.95&#8243; text_font=&#8220;Poppins||||||||&#8220; text_font_size=&#8220;16px&#8220; text_text_color=&#8220;rgba(0,0,0,0.58)&#8220; text_line_height=&#8220;1.9em&#8220; module_alignment=&#8220;center&#8220; custom_margin=&#8220;||30px|&#8220; background_layout=&#8220;light&#8220;]<\/p>\n<p>&nbsp;<br \/>\nNicht jede \u00dcbersetzung ist gleich. Ein technisches Handbuch muss anders \u00fcbersetzt werden als ein Werbetext oder Rezept. Jeder Text bekommt deshalb die ihm geb\u00fchrende Aufmerksamkeit, um Ihnen die bestm\u00f6gliche \u00dcbersetzung Ihres Textes bieten zu k\u00f6nnen.<\/p>\n<p><strong>Sind Sie auf der Suche nach<\/strong><\/p>\n<ul>\n<li>Einer hochwertigen \u00dcbersetzung?<\/li>\n<li>Einem zuverl\u00e4ssigen \u00dcbersetzer, Dozenten oder Projektmanager mit einer Leidenschaft f\u00fcr Sprache?<\/li>\n<li>Klarer Kommunikation?<\/li>\n<li>Engagement und Einsatz?<\/li>\n<\/ul>\n<p>Dann sind Sie bei Wachter International <strong>in guten H\u00e4nden<\/strong>. Lesen Sie die Informationen auf der Webseite und <span style=\"color: #ff6a88;\"><a style=\"color: #ff6a88;\" href=\"http:\/\/wachter-in.com\/de\/kontakt\/\">kontaktieren<\/a><\/span> Sie uns f\u00fcr ein kostenloses Angebot!<\/p>\n<p><strong>Einige Beispiele von Projekten:<\/strong><\/p>\n<ul>\n<li>Technische \u00dcbersetzungen \u00fcber: Elektroschl\u00f6sser, Chemikalien, Gefriertunnel , etc.<\/li>\n<li>Voice-Over \u00dcbersetzung zum Thema Astronomie und dunkle Materie<\/li>\n<li>Webseite, Prospekte, App etc. f\u00fcr einen Vergn\u00fcgungspark<\/li>\n<li>Software-Handb\u00fccher<\/li>\n<li>Produktbeschreibungen<\/li>\n<li>Untertitelung f\u00fcr z.B. Firmendokumentationen<\/li>\n<li>Rezepte<\/li>\n<li>Webseite \u00fcber eine Scan-App<\/li>\n<li>Blogs und Newsletter<\/li>\n<li>Unternehmensprofile<\/li>\n<\/ul>\n<p>&nbsp;<\/p>\n<p>[\/et_pb_text][et_pb_button button_url=&#8220;http:\/\/wachter-in.com\/de\/ueber-mich\/&#8220; button_text=&#8220;Lesen Sie mehr \u00fcber mich&#8220; button_alignment=&#8220;center&#8220; _builder_version=&#8220;3.0.95&#8243; custom_margin=&#8220;|||&#8220; custom_padding=&#8220;12px|28px|12px|28px&#8220; custom_button=&#8220;on&#8220; button_text_size=&#8220;14px&#8220; button_text_color=&#8220;rgba(0,0,0,0.7)&#8220; button_bg_color=&#8220;#f7d584&#8243; button_border_width=&#8220;10px&#8220; button_border_color=&#8220;#f7d584&#8243; button_border_radius=&#8220;0px&#8220; button_letter_spacing=&#8220;2px&#8220; button_font=&#8220;|700||on|||||&#8220; button_use_icon=&#8220;off&#8220; button_letter_spacing_hover=&#8220;2px&#8220; locked=&#8220;off&#8220; saved_tabs=&#8220;all&#8220; url_new_window=&#8220;off&#8220; background_layout=&#8220;light&#8220; button_icon_placement=&#8220;right&#8220; box_shadow_style=&#8220;preset3&#8243; box_shadow_color=&#8220;rgba(247,213,132,0.7)&#8220; \/][et_pb_divider _builder_version=&#8220;3.0.89&#8243; \/][\/et_pb_column][\/et_pb_row][\/et_pb_section][et_pb_section bb_built=&#8220;1&#8243; admin_label=&#8220;Footer&#8220; disabled_on=&#8220;off|off|off&#8220; _builder_version=&#8220;3.0.95&#8243; use_background_color_gradient=&#8220;on&#8220; background_color_gradient_start=&#8220;#ff6a88&#8243; background_color_gradient_end=&#8220;#ff99ac&#8220; background_color_gradient_direction=&#8220;131deg&#8220; max_width=&#8220;80%&#8220; max_width_last_edited=&#8220;on|tablet&#8220; module_alignment=&#8220;center&#8220; custom_padding=&#8220;30px|0px|30px|0px&#8220; animation_style=&#8220;slide&#8220; animation_direction=&#8220;bottom&#8220; animation_intensity_slide=&#8220;14%&#8220; animation_starting_opacity=&#8220;100%&#8220; saved_tabs=&#8220;all&#8220; locked=&#8220;off&#8220; global_module=&#8220;48491&#8243;][et_pb_row global_parent=&#8220;48491&#8243; _builder_version=&#8220;3.0.89&#8243; background_color_gradient_direction=&#8220;38deg&#8220; module_alignment=&#8220;center&#8220; locked=&#8220;off&#8220;][et_pb_column type=&#8220;1_2&#8243;][et_pb_text global_parent=&#8220;48491&#8243; background_layout=&#8220;dark&#8220; _builder_version=&#8220;3.0.89&#8243; text_font=&#8220;Poppins||||||||&#8220; text_font_size=&#8220;16px&#8220; text_text_color=&#8220;rgba(0,0,0,0.5)&#8220; text_line_height=&#8220;1.9em&#8220; header_4_font=&#8220;|700||on|||||&#8220; header_4_font_size=&#8220;16px&#8220; header_4_letter_spacing=&#8220;1px&#8220; header_4_line_height=&#8220;1.5em&#8220; locked=&#8220;off&#8220;]<\/p>\n<h3>Wachter International<\/h3>\n<p><strong>Ines Wachter<\/strong><\/p>\n<p>[\/et_pb_text][et_pb_social_media_follow global_parent=&#8220;48491&#8243; _builder_version=&#8220;3.0.89&#8243; url_new_window=&#8220;off&#8220; follow_button=&#8220;off&#8220; background_layout=&#8220;dark&#8220; border_radii=&#8220;|10px|10px|10px|10px&#8220;][et_pb_social_media_follow_network _builder_version=&#8220;3.0.89&#8243; social_network=&#8220;linkedin&#8220; skype_action=&#8220;call&#8220; url=&#8220;https:\/\/www.linkedin.com\/in\/wachter-in&#8220; background_color=&#8220;#007bb6&#8243; use_background_color_gradient=&#8220;off&#8220; background_color_gradient_start=&#8220;#2b87da&#8220; background_color_gradient_end=&#8220;#29c4a9&#8243; background_color_gradient_type=&#8220;linear&#8220; background_color_gradient_direction=&#8220;180deg&#8220; background_color_gradient_direction_radial=&#8220;center&#8220; background_color_gradient_start_position=&#8220;0%&#8220; background_color_gradient_end_position=&#8220;100%&#8220; background_color_gradient_overlays_image=&#8220;off&#8220; parallax=&#8220;off&#8220; parallax_method=&#8220;on&#8220; background_size=&#8220;cover&#8220; background_position=&#8220;center&#8220; background_repeat=&#8220;no-repeat&#8220; background_blend=&#8220;normal&#8220; allow_player_pause=&#8220;off&#8220;] LinkedIn [\/et_pb_social_media_follow_network][\/et_pb_social_media_follow][\/et_pb_column][et_pb_column type=&#8220;1_2&#8243;][et_pb_text global_parent=&#8220;48491&#8243; background_layout=&#8220;dark&#8220; _builder_version=&#8220;3.0.95&#8243; text_font=&#8220;Poppins||||||||&#8220; text_font_size=&#8220;16px&#8220; text_text_color=&#8220;rgba(0,0,0,0.5)&#8220; text_line_height=&#8220;1.9em&#8220; header_4_font=&#8220;|700||on|||||&#8220; header_4_font_size=&#8220;16px&#8220; header_4_letter_spacing=&#8220;1px&#8220; header_4_line_height=&#8220;1.5em&#8220; locked=&#8220;off&#8220;]<\/p>\n<h3>Kontaktinformation<\/h3>\n<p><strong>Telefonnummer:&nbsp;+31 6 337 80 017<\/strong><br \/> <strong>E-Mail:<span style=\"color: #666666;\">&nbsp;<a style=\"color: #666666;\" href=\"mailto:iwachter@wachter-in.com\">iwachter@wachter-in.com<\/a><\/span><\/strong><\/p>\n<p><strong>Registernummer:&nbsp;60718250<\/strong><br \/> <strong> UID:&nbsp;NL266695334B01<\/strong><\/p>\n<p>[\/et_pb_text][et_pb_text global_parent=&#8220;48491&#8243; background_layout=&#8220;dark&#8220; _builder_version=&#8220;3.0.95&#8243; text_font_size=&#8220;16px&#8220; text_text_color=&#8220;rgba(0,0,0,0.5)&#8220; text_line_height=&#8220;1.9em&#8220; header_4_font=&#8220;|700||on|||||&#8220; header_4_font_size=&#8220;16px&#8220; header_4_letter_spacing=&#8220;1px&#8220; header_4_line_height=&#8220;1.5em&#8220; text_font=&#8220;Poppins||||||||&#8220;]<\/p>\n<h3>\u00d6ffnungszeiten<\/h3>\n<p><strong>Montag, Mittwoch &amp; Freitag:<\/strong><br \/> <strong>8:00 &#8211; 17:30 (8 am &#8211; 5:30 pm)<\/strong><br \/> <strong>Dienstag, Donnerstag &amp; Wochenende:<\/strong><br \/> <strong>nur erreichbar f\u00fcr bereits geplante oder aktuelle Projekte<\/strong><\/p>\n<p>[\/et_pb_text][\/et_pb_column][\/et_pb_row][\/et_pb_section]<\/p>\n","protected":false},"excerpt":{"rendered":"<p>Everything is in Translation Eine qualitativ hochwertige \u00dcbersetzung sorgt bei Ihren Kunden f\u00fcr einen guten ersten und bleibenden Eindruck. Es hilft Ihnen auch die T\u00fcren zum internationalen Markt zu \u00f6ffnen. Wenn Sie einen fremdsprachigen Markt erobern oder Ihren bestehenden Kundenstamm erweitern wollen, dann sind Sie bei Wachter International an der richtigen Adresse! Wachter International liefert [&hellip;]<\/p>\n","protected":false},"author":1,"featured_media":0,"parent":0,"menu_order":0,"comment_status":"closed","ping_status":"closed","template":"","meta":{"_et_pb_use_builder":"on","_et_pb_old_content":"","_et_gb_content_width":""},"_links":{"self":[{"href":"http:\/\/wachter-in.com\/de\/wp-json\/wp\/v2\/pages\/52"}],"collection":[{"href":"http:\/\/wachter-in.com\/de\/wp-json\/wp\/v2\/pages"}],"about":[{"href":"http:\/\/wachter-in.com\/de\/wp-json\/wp\/v2\/types\/page"}],"author":[{"embeddable":true,"href":"http:\/\/wachter-in.com\/de\/wp-json\/wp\/v2\/users\/1"}],"replies":[{"embeddable":true,"href":"http:\/\/wachter-in.com\/de\/wp-json\/wp\/v2\/comments?post=52"}],"version-history":[{"count":13,"href":"http:\/\/wachter-in.com\/de\/wp-json\/wp\/v2\/pages\/52\/revisions"}],"predecessor-version":[{"id":48552,"href":"http:\/\/wachter-in.com\/de\/wp-json\/wp\/v2\/pages\/52\/revisions\/48552"}],"wp:attachment":[{"href":"http:\/\/wachter-in.com\/de\/wp-json\/wp\/v2\/media?parent=52"}],"curies":[{"name":"wp","href":"https:\/\/api.w.org\/{rel}","templated":true}]}}