{"id":56,"date":"2018-01-15T22:14:09","date_gmt":"2018-01-15T21:14:09","guid":{"rendered":"http:\/\/wachter-in.com\/de\/?page_id=56"},"modified":"2018-05-21T19:40:36","modified_gmt":"2018-05-21T17:40:36","slug":"kontakt","status":"publish","type":"page","link":"http:\/\/wachter-in.com\/de\/kontakt\/","title":{"rendered":"Kontakt"},"content":{"rendered":"<p>[et_pb_section bb_built=&#8220;1&#8243; admin_label=&#8220;Hero Section&#8220; _builder_version=&#8220;3.0.89&#8243; use_background_color_gradient=&#8220;on&#8220; background_color_gradient_start=&#8220;#ff6a88&#8243; background_color_gradient_end=&#8220;#ff99ac&#8220; background_color_gradient_direction=&#8220;131deg&#8220; custom_padding=&#8220;80px|0px|0px|0px&#8220; animation_style=&#8220;slide&#8220; animation_direction=&#8220;top&#8220; animation_intensity_slide=&#8220;2%&#8220; animation_starting_opacity=&#8220;100%&#8220; box_shadow_style=&#8220;preset7&#8243; box_shadow_horizontal=&#8220;0px&#8220; box_shadow_vertical=&#8220;-80px&#8220; box_shadow_color=&#8220;#ffffff&#8220; locked=&#8220;off&#8220;][et_pb_row custom_width_px=&#8220;1440px&#8220; custom_padding=&#8220;|||&#8220; _builder_version=&#8220;3.0.84&#8243; background_size=&#8220;initial&#8220; background_position=&#8220;top_left&#8220; background_repeat=&#8220;repeat&#8220;][et_pb_column type=&#8220;4_4&#8243;][et_pb_text _builder_version=&#8220;3.0.95&#8243; header_font=&#8220;Playfair Display|700|||||||&#8220; header_font_size=&#8220;60px&#8220; header_text_color=&#8220;#ffffff&#8220; header_line_height=&#8220;1.5em&#8220; background_size=&#8220;initial&#8220; background_position=&#8220;top_left&#8220; background_repeat=&#8220;repeat&#8220; text_orientation=&#8220;center&#8220; custom_margin=&#8220;||20px|&#8220; locked=&#8220;off&#8220; module_alignment=&#8220;center&#8220; background_layout=&#8220;light&#8220;]<\/p>\n<h1>Kontaktieren Sie mich<\/h1>\n<p>[\/et_pb_text][et_pb_divider color=&#8220;#f7d584&#8243; show_divider=&#8220;on&#8220; divider_weight=&#8220;3px&#8220; height=&#8220;10px&#8220; disabled_on=&#8220;on|on|off&#8220; _builder_version=&#8220;3.0.84&#8243; max_width=&#8220;80px&#8220; module_alignment=&#8220;center&#8220; custom_margin=&#8220;||20px|&#8220; animation_style=&#8220;slide&#8220; animation_direction=&#8220;bottom&#8220; saved_tabs=&#8220;all&#8220; locked=&#8220;off&#8220; \/][et_pb_text _builder_version=&#8220;3.0.95&#8243; text_font=&#8220;Poppins||||||||&#8220; text_font_size=&#8220;18px&#8220; text_text_color=&#8220;rgba(255,255,255,0.8)&#8220; text_line_height=&#8220;1.8em&#8220; text_orientation=&#8220;center&#8220; max_width=&#8220;600px&#8220; module_alignment=&#8220;center&#8220; locked=&#8220;off&#8220; background_layout=&#8220;light&#8220;]<\/p>\n<p>F\u00fcr ein kostenloses Angebot kontaktieren Sie mich bitte \u00fcber das Kontaktformular oder per E-Mail. Ich werde mich schnellstm\u00f6glich mit Ihnen in Verbindung setzen.<\/p>\n<p>[\/et_pb_text][\/et_pb_column][\/et_pb_row][et_pb_row use_custom_width=&#8220;on&#8220; custom_width_px=&#8220;1440px&#8220; use_custom_gutter=&#8220;on&#8220; gutter_width=&#8220;2&#8243; custom_padding=&#8220;60px|0px|50px|0px&#8220; _builder_version=&#8220;3.0.89&#8243; disabled_on=&#8220;off|off|off&#8220; disabled=&#8220;off&#8220;][et_pb_column type=&#8220;1_2&#8243;][et_pb_text _builder_version=&#8220;3.0.95&#8243; text_font=&#8220;Poppins||||||||&#8220; text_font_size=&#8220;16px&#8220; text_text_color=&#8220;rgba(0,0,0,0.4)&#8220; text_line_height=&#8220;1.9em&#8220; header_3_font=&#8220;Playfair Display|700||on|||||&#8220; header_3_text_color=&#8220;#ff9f3f&#8220; header_3_letter_spacing=&#8220;3px&#8220; header_3_line_height=&#8220;1.5em&#8220; background_color=&#8220;#ffffff&#8220; text_orientation=&#8220;center&#8220; module_alignment=&#8220;left&#8220; custom_margin=&#8220;|||&#8220; custom_padding=&#8220;30px|30px|30px|30px&#8220; animation_style=&#8220;slide&#8220; animation_direction=&#8220;bottom&#8220; animation_delay=&#8220;100ms&#8220; animation_intensity_slide=&#8220;10%&#8220; animation_starting_opacity=&#8220;100%&#8220; box_shadow_style=&#8220;preset1&#8243; box_shadow_vertical=&#8220;10px&#8220; box_shadow_blur=&#8220;80px&#8220; box_shadow_color=&#8220;rgba(0,0,0,0.2)&#8220; locked=&#8220;off&#8220; background_layout=&#8220;light&#8220;]<\/p>\n<h3>E-Mail-Adresse<\/h3>\n<p>&nbsp;<\/p>\n<p><strong><a href=\"mailto:iwachter@wachter-in.com\">iwachter@wachter-in.com<\/a><\/strong><\/p>\n<p>[\/et_pb_text][\/et_pb_column][et_pb_column type=&#8220;1_2&#8243;][et_pb_text _builder_version=&#8220;3.0.95&#8243; text_font=&#8220;Poppins||||||||&#8220; text_font_size=&#8220;16px&#8220; text_text_color=&#8220;rgba(0,0,0,0.4)&#8220; text_line_height=&#8220;1.9em&#8220; header_3_font=&#8220;Playfair Display|700||on|||||&#8220; header_3_text_color=&#8220;#ff9f3f&#8220; header_3_letter_spacing=&#8220;3px&#8220; header_3_line_height=&#8220;1.5em&#8220; background_color=&#8220;#ffffff&#8220; text_orientation=&#8220;center&#8220; module_alignment=&#8220;left&#8220; custom_margin=&#8220;|||&#8220; custom_padding=&#8220;30px|30px|30px|30px&#8220; animation_style=&#8220;slide&#8220; animation_direction=&#8220;bottom&#8220; animation_delay=&#8220;100ms&#8220; animation_intensity_slide=&#8220;10%&#8220; animation_starting_opacity=&#8220;100%&#8220; box_shadow_style=&#8220;preset1&#8243; box_shadow_vertical=&#8220;10px&#8220; box_shadow_blur=&#8220;80px&#8220; box_shadow_color=&#8220;rgba(0,0,0,0.2)&#8220; background_layout=&#8220;light&#8220;]<\/p>\n<h3>Telefonnummer<\/h3>\n<p>&nbsp;<\/p>\n<p><span style=\"color: #666666;\"><strong>+31 6 337 80 017<\/strong><\/span><\/p>\n<p>[\/et_pb_text][\/et_pb_column][\/et_pb_row][\/et_pb_section][et_pb_section bb_built=&#8220;1&#8243; admin_label=&#8220;Featured Products&#8220; _builder_version=&#8220;3.0.89&#8243; custom_padding=&#8220;60px|0px|60px|0px&#8220;][et_pb_row _builder_version=&#8220;3.0.83&#8243; background_size=&#8220;initial&#8220; background_position=&#8220;top_left&#8220; background_repeat=&#8220;repeat&#8220; disabled_on=&#8220;on|on|on&#8220; disabled=&#8220;on&#8220;][et_pb_column type=&#8220;4_4&#8243;][et_pb_contact_form captcha=&#8220;on&#8220; submit_button_text=&#8220;Nachricht senden&#8220; form_background_color=&#8220;rgba(0,0,0,0)&#8220; module_id=&#8220;et_pb_contact_form_0&#8243; _builder_version=&#8220;3.0.95&#8243; form_field_font=&#8220;Poppins|500|||||||&#8220; form_field_font_size=&#8220;16px&#8220; form_field_text_color=&#8220;rgba(0,0,0,0.58)&#8220; use_border_color=&#8220;on&#8220; custom_button=&#8220;on&#8220; button_text_size=&#8220;14px&#8220; button_text_color=&#8220;rgba(0,0,0,0.7)&#8220; button_bg_color=&#8220;#f7d584&#8243; button_border_width=&#8220;10px&#8220; button_border_color=&#8220;#f7d584&#8243; button_border_radius=&#8220;0px&#8220; button_letter_spacing=&#8220;2px&#8220; button_font=&#8220;|700||on|||||&#8220; button_use_icon=&#8220;off&#8220; button_letter_spacing_hover=&#8220;2px&#8220; box_shadow_style_button=&#8220;preset3&#8243; box_shadow_color_button=&#8220;rgba(247,213,132,0.7)&#8220; animation_style=&#8220;fade&#8220; locked=&#8220;off&#8220; border_color_all=&#8220;rgba(53,55,64,0.2)&#8220; border_width_all=&#8220;1px&#8220; email=&#8220;iwachter@wachter-in.com&#8220; use_redirect=&#8220;off&#8220; button_icon_placement=&#8220;right&#8220; custom_message=&#8220;Name: %%Name%%||et_pb_line_break_holder||Telefon: %%Phone%%||et_pb_line_break_holder||Email: %%Email%%||et_pb_line_break_holder||Nachricht: %%Message%%&#8220;][et_pb_contact_field field_id=&#8220;Name&#8220; field_title=&#8220;Name *&#8220; _builder_version=&#8220;3.0.95&#8243; field_type=&#8220;input&#8220; checkbox_checked=&#8220;off&#8220; checkbox_options=&#8220;%91{%22value%22:%22First Name%22,%22checked%22:0}%93&#8243; radio_options=&#8220;%91{%22value%22:%22First Name%22,%22checked%22:0}%93&#8243; select_options=&#8220;%91{%22value%22:%22First Name%22,%22checked%22:0}%93&#8243; min_length=&#8220;0&#8243; max_length=&#8220;0&#8243; allowed_symbols=&#8220;all&#8220; required_mark=&#8220;on&#8220; conditional_logic=&#8220;off&#8220; conditional_logic_relation=&#8220;off&#8220; conditional_logic_rules=&#8220;%91{%22field%22:%22email%22,%22condition%22:%22is%22,%22value%22:%22%22}%93&#8243; use_background_color_gradient=&#8220;off&#8220; background_color_gradient_start=&#8220;#2b87da&#8220; background_color_gradient_end=&#8220;#29c4a9&#8243; background_color_gradient_type=&#8220;linear&#8220; background_color_gradient_direction=&#8220;180deg&#8220; background_color_gradient_direction_radial=&#8220;center&#8220; background_color_gradient_start_position=&#8220;0%&#8220; background_color_gradient_end_position=&#8220;100%&#8220; background_color_gradient_overlays_image=&#8220;off&#8220; parallax=&#8220;off&#8220; parallax_method=&#8220;on&#8220; background_size=&#8220;cover&#8220; background_position=&#8220;center&#8220; background_repeat=&#8220;no-repeat&#8220; background_blend=&#8220;normal&#8220; allow_player_pause=&#8220;off&#8220; fullwidth_field=&#8220;on&#8220; form_field_font=&#8220;||||||||&#8220; \/][et_pb_contact_field field_id=&#8220;Phone&#8220; field_title=&#8220;Telefonnummer *&#8220; field_type=&#8220;input&#8220; _builder_version=&#8220;3.0.95&#8243; checkbox_checked=&#8220;off&#8220; checkbox_options=&#8220;%91{%22value%22:%22Phone Number%22,%22checked%22:0}%93&#8243; radio_options=&#8220;%91{%22value%22:%22Phone Number%22,%22checked%22:0}%93&#8243; select_options=&#8220;%91{%22value%22:%22Phone Number%22,%22checked%22:0}%93&#8243; min_length=&#8220;0&#8243; max_length=&#8220;0&#8243; allowed_symbols=&#8220;all&#8220; required_mark=&#8220;on&#8220; conditional_logic=&#8220;off&#8220; conditional_logic_relation=&#8220;off&#8220; conditional_logic_rules=&#8220;%91{%22field%22:%22name%22,%22condition%22:%22is%22,%22value%22:%22%22}%93&#8243; use_background_color_gradient=&#8220;off&#8220; background_color_gradient_start=&#8220;#2b87da&#8220; background_color_gradient_end=&#8220;#29c4a9&#8243; background_color_gradient_type=&#8220;linear&#8220; background_color_gradient_direction=&#8220;180deg&#8220; background_color_gradient_direction_radial=&#8220;center&#8220; background_color_gradient_start_position=&#8220;0%&#8220; background_color_gradient_end_position=&#8220;100%&#8220; background_color_gradient_overlays_image=&#8220;off&#8220; parallax=&#8220;off&#8220; parallax_method=&#8220;on&#8220; background_size=&#8220;cover&#8220; background_position=&#8220;center&#8220; background_repeat=&#8220;no-repeat&#8220; background_blend=&#8220;normal&#8220; allow_player_pause=&#8220;off&#8220; fullwidth_field=&#8220;off&#8220; form_field_font=&#8220;||||||||&#8220; \/][et_pb_contact_field field_id=&#8220;Email&#8220; field_title=&#8220;E-Mail-Adresse *&#8220; field_type=&#8220;email&#8220; _builder_version=&#8220;3.0.95&#8243; checkbox_checked=&#8220;off&#8220; checkbox_options=&#8220;%91{%22value%22:%22Email Address%22,%22checked%22:0}%93&#8243; radio_options=&#8220;%91{%22value%22:%22Email Address%22,%22checked%22:0}%93&#8243; select_options=&#8220;%91{%22value%22:%22Email Address%22,%22checked%22:0}%93&#8243; min_length=&#8220;0&#8243; max_length=&#8220;0&#8243; allowed_symbols=&#8220;all&#8220; required_mark=&#8220;on&#8220; conditional_logic=&#8220;off&#8220; conditional_logic_relation=&#8220;off&#8220; conditional_logic_rules=&#8220;%91{%22field%22:%22name%22,%22condition%22:%22is%22,%22value%22:%22%22}%93&#8243; use_background_color_gradient=&#8220;off&#8220; background_color_gradient_start=&#8220;#2b87da&#8220; background_color_gradient_end=&#8220;#29c4a9&#8243; background_color_gradient_type=&#8220;linear&#8220; background_color_gradient_direction=&#8220;180deg&#8220; background_color_gradient_direction_radial=&#8220;center&#8220; background_color_gradient_start_position=&#8220;0%&#8220; background_color_gradient_end_position=&#8220;100%&#8220; background_color_gradient_overlays_image=&#8220;off&#8220; parallax=&#8220;off&#8220; parallax_method=&#8220;on&#8220; background_size=&#8220;cover&#8220; background_position=&#8220;center&#8220; background_repeat=&#8220;no-repeat&#8220; background_blend=&#8220;normal&#8220; allow_player_pause=&#8220;off&#8220; fullwidth_field=&#8220;off&#8220; form_field_font=&#8220;||||||||&#8220; \/][et_pb_contact_field field_id=&#8220;Message&#8220; field_title=&#8220;Nachricht *&#8220; field_type=&#8220;text&#8220; fullwidth_field=&#8220;on&#8220; _builder_version=&#8220;3.0.95&#8243; checkbox_checked=&#8220;off&#8220; checkbox_options=&#8220;%91{%22value%22:%22Message%22,%22checked%22:0}%93&#8243; radio_options=&#8220;%91{%22value%22:%22Message%22,%22checked%22:0}%93&#8243; select_options=&#8220;%91{%22value%22:%22Message%22,%22checked%22:0}%93&#8243; min_length=&#8220;0&#8243; max_length=&#8220;0&#8243; allowed_symbols=&#8220;all&#8220; required_mark=&#8220;on&#8220; conditional_logic=&#8220;off&#8220; conditional_logic_relation=&#8220;off&#8220; conditional_logic_rules=&#8220;%91{%22field%22:%22name%22,%22condition%22:%22is%22,%22value%22:%22%22}%93&#8243; use_background_color_gradient=&#8220;off&#8220; background_color_gradient_start=&#8220;#2b87da&#8220; background_color_gradient_end=&#8220;#29c4a9&#8243; background_color_gradient_type=&#8220;linear&#8220; background_color_gradient_direction=&#8220;180deg&#8220; background_color_gradient_direction_radial=&#8220;center&#8220; background_color_gradient_start_position=&#8220;0%&#8220; background_color_gradient_end_position=&#8220;100%&#8220; background_color_gradient_overlays_image=&#8220;off&#8220; parallax=&#8220;off&#8220; parallax_method=&#8220;on&#8220; background_size=&#8220;cover&#8220; background_position=&#8220;center&#8220; background_repeat=&#8220;no-repeat&#8220; background_blend=&#8220;normal&#8220; allow_player_pause=&#8220;off&#8220; form_field_font=&#8220;||||||||&#8220; \/][\/et_pb_contact_form][\/et_pb_column][\/et_pb_row][\/et_pb_section][et_pb_section bb_built=&#8220;1&#8243; admin_label=&#8220;Footer&#8220; disabled_on=&#8220;off|off|off&#8220; _builder_version=&#8220;3.0.95&#8243; use_background_color_gradient=&#8220;on&#8220; background_color_gradient_start=&#8220;#ff6a88&#8243; background_color_gradient_end=&#8220;#ff99ac&#8220; background_color_gradient_direction=&#8220;131deg&#8220; max_width=&#8220;80%&#8220; max_width_last_edited=&#8220;on|tablet&#8220; module_alignment=&#8220;center&#8220; custom_padding=&#8220;30px|0px|30px|0px&#8220; animation_style=&#8220;slide&#8220; animation_direction=&#8220;bottom&#8220; animation_intensity_slide=&#8220;14%&#8220; animation_starting_opacity=&#8220;100%&#8220; saved_tabs=&#8220;all&#8220; locked=&#8220;off&#8220; global_module=&#8220;48491&#8243;][et_pb_row global_parent=&#8220;48491&#8243; _builder_version=&#8220;3.0.89&#8243; background_color_gradient_direction=&#8220;38deg&#8220; module_alignment=&#8220;center&#8220; locked=&#8220;off&#8220;][et_pb_column type=&#8220;1_2&#8243;][et_pb_text global_parent=&#8220;48491&#8243; background_layout=&#8220;dark&#8220; _builder_version=&#8220;3.0.89&#8243; text_font=&#8220;Poppins||||||||&#8220; text_font_size=&#8220;16px&#8220; text_text_color=&#8220;rgba(0,0,0,0.5)&#8220; text_line_height=&#8220;1.9em&#8220; header_4_font=&#8220;|700||on|||||&#8220; header_4_font_size=&#8220;16px&#8220; header_4_letter_spacing=&#8220;1px&#8220; header_4_line_height=&#8220;1.5em&#8220; locked=&#8220;off&#8220;]<\/p>\n<h3>Wachter International<\/h3>\n<p><strong>Ines Wachter<\/strong><\/p>\n<p>[\/et_pb_text][et_pb_social_media_follow global_parent=&#8220;48491&#8243; _builder_version=&#8220;3.0.89&#8243; url_new_window=&#8220;off&#8220; follow_button=&#8220;off&#8220; background_layout=&#8220;dark&#8220; border_radii=&#8220;|10px|10px|10px|10px&#8220;][et_pb_social_media_follow_network _builder_version=&#8220;3.0.89&#8243; social_network=&#8220;linkedin&#8220; skype_action=&#8220;call&#8220; url=&#8220;https:\/\/www.linkedin.com\/in\/wachter-in&#8220; background_color=&#8220;#007bb6&#8243; use_background_color_gradient=&#8220;off&#8220; background_color_gradient_start=&#8220;#2b87da&#8220; background_color_gradient_end=&#8220;#29c4a9&#8243; background_color_gradient_type=&#8220;linear&#8220; background_color_gradient_direction=&#8220;180deg&#8220; background_color_gradient_direction_radial=&#8220;center&#8220; background_color_gradient_start_position=&#8220;0%&#8220; background_color_gradient_end_position=&#8220;100%&#8220; background_color_gradient_overlays_image=&#8220;off&#8220; parallax=&#8220;off&#8220; parallax_method=&#8220;on&#8220; background_size=&#8220;cover&#8220; background_position=&#8220;center&#8220; background_repeat=&#8220;no-repeat&#8220; background_blend=&#8220;normal&#8220; allow_player_pause=&#8220;off&#8220;] LinkedIn [\/et_pb_social_media_follow_network][\/et_pb_social_media_follow][\/et_pb_column][et_pb_column type=&#8220;1_2&#8243;][et_pb_text global_parent=&#8220;48491&#8243; background_layout=&#8220;dark&#8220; _builder_version=&#8220;3.0.95&#8243; text_font=&#8220;Poppins||||||||&#8220; text_font_size=&#8220;16px&#8220; text_text_color=&#8220;rgba(0,0,0,0.5)&#8220; text_line_height=&#8220;1.9em&#8220; header_4_font=&#8220;|700||on|||||&#8220; header_4_font_size=&#8220;16px&#8220; header_4_letter_spacing=&#8220;1px&#8220; header_4_line_height=&#8220;1.5em&#8220; locked=&#8220;off&#8220;]<\/p>\n<h3>Kontaktinformation<\/h3>\n<p><strong>Telefonnummer:&nbsp;+31 6 337 80 017<\/strong><br \/> <strong>E-Mail:<span style=\"color: #666666;\">&nbsp;<a style=\"color: #666666;\" href=\"mailto:iwachter@wachter-in.com\">iwachter@wachter-in.com<\/a><\/span><\/strong><\/p>\n<p><strong>Registernummer:&nbsp;60718250<\/strong><br \/> <strong> UID:&nbsp;NL266695334B01<\/strong><\/p>\n<p>[\/et_pb_text][et_pb_text global_parent=&#8220;48491&#8243; background_layout=&#8220;dark&#8220; _builder_version=&#8220;3.0.95&#8243; text_font_size=&#8220;16px&#8220; text_text_color=&#8220;rgba(0,0,0,0.5)&#8220; text_line_height=&#8220;1.9em&#8220; header_4_font=&#8220;|700||on|||||&#8220; header_4_font_size=&#8220;16px&#8220; header_4_letter_spacing=&#8220;1px&#8220; header_4_line_height=&#8220;1.5em&#8220; text_font=&#8220;Poppins||||||||&#8220;]<\/p>\n<h3>\u00d6ffnungszeiten<\/h3>\n<p><strong>Montag, Mittwoch &amp; Freitag:<\/strong><br \/> <strong>8:00 &#8211; 17:30 (8 am &#8211; 5:30 pm)<\/strong><br \/> <strong>Dienstag, Donnerstag &amp; Wochenende:<\/strong><br \/> <strong>nur erreichbar f\u00fcr bereits geplante oder aktuelle Projekte<\/strong><\/p>\n<p>[\/et_pb_text][\/et_pb_column][\/et_pb_row][\/et_pb_section]<\/p>\n","protected":false},"excerpt":{"rendered":"<p>Kontaktieren Sie mich F\u00fcr ein kostenloses Angebot kontaktieren Sie mich bitte \u00fcber das Kontaktformular oder per E-Mail. Ich werde mich schnellstm\u00f6glich mit Ihnen in Verbindung setzen. E-Mail-Adresse &nbsp; iwachter@wachter-in.com Telefonnummer &nbsp; +31 6 337 80 017 Wachter International Ines Wachter LinkedIn Kontaktinformation Telefonnummer:&nbsp;+31 6 337 80 017 E-Mail:&nbsp;iwachter@wachter-in.com Registernummer:&nbsp;60718250 UID:&nbsp;NL266695334B01 \u00d6ffnungszeiten Montag, Mittwoch &amp; Freitag: [&hellip;]<\/p>\n","protected":false},"author":1,"featured_media":0,"parent":0,"menu_order":0,"comment_status":"closed","ping_status":"closed","template":"","meta":{"_et_pb_use_builder":"on","_et_pb_old_content":"","_et_gb_content_width":""},"_links":{"self":[{"href":"http:\/\/wachter-in.com\/de\/wp-json\/wp\/v2\/pages\/56"}],"collection":[{"href":"http:\/\/wachter-in.com\/de\/wp-json\/wp\/v2\/pages"}],"about":[{"href":"http:\/\/wachter-in.com\/de\/wp-json\/wp\/v2\/types\/page"}],"author":[{"embeddable":true,"href":"http:\/\/wachter-in.com\/de\/wp-json\/wp\/v2\/users\/1"}],"replies":[{"embeddable":true,"href":"http:\/\/wachter-in.com\/de\/wp-json\/wp\/v2\/comments?post=56"}],"version-history":[{"count":14,"href":"http:\/\/wachter-in.com\/de\/wp-json\/wp\/v2\/pages\/56\/revisions"}],"predecessor-version":[{"id":48557,"href":"http:\/\/wachter-in.com\/de\/wp-json\/wp\/v2\/pages\/56\/revisions\/48557"}],"wp:attachment":[{"href":"http:\/\/wachter-in.com\/de\/wp-json\/wp\/v2\/media?parent=56"}],"curies":[{"name":"wp","href":"https:\/\/api.w.org\/{rel}","templated":true}]}}