{"id":58,"date":"2018-01-15T22:15:00","date_gmt":"2018-01-15T21:15:00","guid":{"rendered":"http:\/\/wachter-in.com\/de\/?page_id=58"},"modified":"2018-01-17T22:12:44","modified_gmt":"2018-01-17T21:12:44","slug":"preise","status":"publish","type":"page","link":"http:\/\/wachter-in.com\/de\/preise\/","title":{"rendered":"Preise"},"content":{"rendered":"<p>[et_pb_section bb_built=&#8220;1&#8243; admin_label=&#8220;Hero Section&#8220; _builder_version=&#8220;3.0.89&#8243; use_background_color_gradient=&#8220;on&#8220; background_color_gradient_start=&#8220;#ff6a88&#8243; background_color_gradient_end=&#8220;#ff99ac&#8220; background_color_gradient_direction=&#8220;131deg&#8220; custom_padding=&#8220;80px|0px||0px&#8220; animation_style=&#8220;slide&#8220; animation_direction=&#8220;top&#8220; animation_intensity_slide=&#8220;2%&#8220; animation_starting_opacity=&#8220;100%&#8220; locked=&#8220;off&#8220;][et_pb_row custom_width_px=&#8220;1440px&#8220; custom_padding=&#8220;|||&#8220; _builder_version=&#8220;3.0.89&#8243; background_position=&#8220;top_left&#8220; background_repeat=&#8220;repeat&#8220; background_size=&#8220;initial&#8220;][et_pb_column type=&#8220;1_2&#8243;][et_pb_text _builder_version=&#8220;3.0.95&#8243; header_font=&#8220;Playfair Display|700|||||||&#8220; header_font_size=&#8220;60px&#8220; header_text_color=&#8220;#ffffff&#8220; header_line_height=&#8220;1.5em&#8220; custom_margin=&#8220;||20px|&#8220; locked=&#8220;off&#8220; background_layout=&#8220;light&#8220;]<\/p>\n<h1>Preise<\/h1>\n<p>[\/et_pb_text][et_pb_divider color=&#8220;#f7d584&#8243; show_divider=&#8220;on&#8220; divider_weight=&#8220;3px&#8220; height=&#8220;10px&#8220; disabled_on=&#8220;on|on|off&#8220; _builder_version=&#8220;3.0.89&#8243; max_width=&#8220;80px&#8220; module_alignment=&#8220;left&#8220; custom_margin=&#8220;||20px|&#8220; animation_style=&#8220;slide&#8220; animation_direction=&#8220;bottom&#8220; saved_tabs=&#8220;all&#8220; locked=&#8220;off&#8220; \/][et_pb_text _builder_version=&#8220;3.0.95&#8243; text_font=&#8220;Poppins||||||||&#8220; text_font_size=&#8220;18px&#8220; text_text_color=&#8220;rgba(255,255,255,0.8)&#8220; text_line_height=&#8220;1.8em&#8220; locked=&#8220;off&#8220; background_layout=&#8220;light&#8220;]<\/p>\n<p>Jeder Text und jedes Projekt ist einzigartig und erfordert individuelle Aufmerksamkeit.<\/p>\n<p>[\/et_pb_text][\/et_pb_column][et_pb_column type=&#8220;1_2&#8243;][\/et_pb_column][\/et_pb_row][\/et_pb_section][et_pb_section bb_built=&#8220;1&#8243; admin_label=&#8220;Collections&#8220; custom_padding_last_edited=&#8220;off|desktop&#8220; _builder_version=&#8220;3.0.89&#8243; custom_padding=&#8220;70px|0px|0px|0px&#8220; animation_style=&#8220;fade&#8220;][et_pb_row custom_padding=&#8220;0px||0px|&#8220; custom_margin=&#8220;||100px|&#8220; make_equal=&#8220;on&#8220; padding_right_1=&#8220;5%&#8220; padding_left_1=&#8220;5%&#8220; padding_top_2=&#8220;40px&#8220; padding_right_2=&#8220;40px&#8220; padding_bottom_2=&#8220;40px&#8220; padding_left_2=&#8220;40px&#8220; background_color_gradient_start_1=&#8220;#ff6a88&#8243; background_color_gradient_end_1=&#8220;#ff99ac&#8220; background_color_gradient_direction_1=&#8220;35deg&#8220; _builder_version=&#8220;3.0.89&#8243; module_alignment=&#8220;center&#8220; box_shadow_style=&#8220;preset3&#8243; box_shadow_vertical=&#8220;40px&#8220; box_shadow_blur=&#8220;50px&#8220; box_shadow_color=&#8220;rgba(0,0,0,0.1)&#8220;][et_pb_column type=&#8220;4_4&#8243;][et_pb_text _builder_version=&#8220;3.0.95&#8243; header_3_font=&#8220;Playfair Display|700|||||||&#8220; header_3_font_size=&#8220;28px&#8220; header_3_text_color=&#8220;#2b2b2b&#8220; header_3_line_height=&#8220;1.5em&#8220; custom_margin=&#8220;||10px|&#8220; background_layout=&#8220;light&#8220;]<\/p>\n<h3>\u00dcbersetzungen sind Ma\u00dfarbeit!<\/h3>\n<p>[\/et_pb_text][et_pb_divider color=&#8220;#f7d584&#8243; show_divider=&#8220;on&#8220; divider_weight=&#8220;3px&#8220; height=&#8220;10px&#8220; disabled_on=&#8220;on|on|off&#8220; _builder_version=&#8220;3.0.84&#8243; max_width=&#8220;80px&#8220; module_alignment=&#8220;left&#8220; custom_margin=&#8220;||20px|&#8220; animation_style=&#8220;slide&#8220; animation_direction=&#8220;bottom&#8220; saved_tabs=&#8220;all&#8220; locked=&#8220;off&#8220; \/][et_pb_text _builder_version=&#8220;3.0.95&#8243; text_font=&#8220;Poppins||||||||&#8220; text_font_size=&#8220;16px&#8220; text_text_color=&#8220;rgba(0,0,0,0.58)&#8220; text_line_height=&#8220;1.9em&#8220; module_alignment=&#8220;center&#8220; custom_margin=&#8220;||30px|&#8220; background_layout=&#8220;light&#8220;]<\/p>\n<p>Darum l\u00e4sst sich der Preis f\u00fcr \u00dcbersetzungen oder andere Dienstleistungen nicht einfach festlegen. <strong>Jeder Text und jedes Projekt ist einzigartig und erfordert individuelle Aufmerksamkeit.<\/strong><\/p>\n<p><strong>Der Preis h\u00e4ngt von verschiedenen Faktoren ab wie z.B.:<\/strong><\/p>\n<ul>\n<li><strong>Art des Textes:<\/strong> Handelt es sich um ein technisches Handbuch, Rezepte, wissenschaftlichen Text usw.?<\/li>\n<li><strong>Schwierigkeitsgrad:<\/strong> Gibt es viele Fachbegriffe im Text? Ist der Ausgangstext gut und fl\u00fcssig geschrieben?<\/li>\n<li><strong>Textl\u00e4nge<\/strong><\/li>\n<li><strong>Format:<\/strong> Handelt es sich um ein Word- oder Excel-Dokument, PDF-Format etc.?<\/li>\n<li><strong>Deadline:<\/strong> Wie schnell muss die \u00dcbersetzung fertig sein? Innerhalb von 24 Stunden oder hat man zwei Wochen Zeit?<\/li>\n<li>M\u00f6chten Sie ein zus\u00e4tzliches <strong>Korrektorat<\/strong> oder <strong>Lektorat<\/strong> von einem zweiten \u00dcbersetzer? Ich arbeite oft mit Kolleginnen und Kollegen (Native Speaker) zusammen, damit ich die beste Qualit\u00e4t garantieren kann.<\/li>\n<li><strong>Zus\u00e4tzliche Aufgaben:<\/strong> Verwendung eines speziellen Programms, spezielles Layout etc.<\/li>\n<\/ul>\n<p>&nbsp;<\/p>\n<p>[\/et_pb_text][\/et_pb_column][\/et_pb_row][et_pb_row custom_padding=&#8220;0px||0px|&#8220; custom_margin=&#8220;||100px|&#8220; make_equal=&#8220;on&#8220; padding_right_1=&#8220;5%&#8220; padding_left_1=&#8220;5%&#8220; padding_top_2=&#8220;40px&#8220; padding_right_2=&#8220;40px&#8220; padding_bottom_2=&#8220;40px&#8220; padding_left_2=&#8220;40px&#8220; background_color_gradient_start_1=&#8220;#ff6a88&#8243; background_color_gradient_end_1=&#8220;#ff99ac&#8220; background_color_gradient_direction_1=&#8220;35deg&#8220; _builder_version=&#8220;3.0.89&#8243; module_alignment=&#8220;center&#8220; box_shadow_style=&#8220;preset3&#8243; box_shadow_vertical=&#8220;40px&#8220; box_shadow_blur=&#8220;50px&#8220; box_shadow_color=&#8220;rgba(0,0,0,0.1)&#8220;][et_pb_column type=&#8220;4_4&#8243;][et_pb_text _builder_version=&#8220;3.0.95&#8243; header_3_font=&#8220;Playfair Display|700|||||||&#8220; header_3_font_size=&#8220;28px&#8220; header_3_text_color=&#8220;#2b2b2b&#8220; header_3_line_height=&#8220;1.5em&#8220; custom_margin=&#8220;||10px|&#8220; background_layout=&#8220;light&#8220;]<\/p>\n<h3>Schritt f\u00fcr Schritt<\/h3>\n<p>[\/et_pb_text][et_pb_divider color=&#8220;#f7d584&#8243; show_divider=&#8220;on&#8220; divider_weight=&#8220;3px&#8220; height=&#8220;10px&#8220; disabled_on=&#8220;on|on|off&#8220; _builder_version=&#8220;3.0.84&#8243; max_width=&#8220;80px&#8220; module_alignment=&#8220;left&#8220; custom_margin=&#8220;||20px|&#8220; animation_style=&#8220;slide&#8220; animation_direction=&#8220;bottom&#8220; saved_tabs=&#8220;all&#8220; locked=&#8220;off&#8220; \/][et_pb_text _builder_version=&#8220;3.0.95&#8243; text_font=&#8220;Poppins||||||||&#8220; text_font_size=&#8220;16px&#8220; text_text_color=&#8220;rgba(0,0,0,0.58)&#8220; text_line_height=&#8220;1.9em&#8220; module_alignment=&#8220;center&#8220; custom_margin=&#8220;||30px|&#8220; background_layout=&#8220;light&#8220;]<\/p>\n<ul>\n<li>Nehmen Sie mit mir per E-Mail oder \u00fcber das Kontaktformular <span style=\"color: #ff6a88;\"><a style=\"color: #ff6a88;\" href=\"http:\/\/wachter-in.com\/de\/kontakt\/\">Kontakt<\/a><\/span> auf und schicken Sie mir die Projektdetails (Welche Dienstleistung(en) m\u00f6chten Sie in Anspruch nehmen, gew\u00fcnschte Deadline und den Text).<\/li>\n<li>Ich schicke Ihnen so schnell wie m\u00f6glich ein <strong>kostenloses Angebot<\/strong> zur\u00fcck. Je nach Projektgr\u00f6\u00dfe vereinbaren wir auch eine Anzahlung.<\/li>\n<li>Wenn Sie mit dem <strong>Angebot einverstanden<\/strong> sind, senden Sie es unterschrieben zur\u00fcck und \u00fcberweisen mir die Anzahlung.<\/li>\n<li>Sobald ich Ihr Einverst\u00e4ndnis erhalten habe, beginnt die <strong>Bearbeitung Ihres Textes<\/strong>. Dies geschieht in <strong>verschiedenen Phasen<\/strong> (Recherche, \u00dcbersetzung, Korrektorat, evtl. Korrektorat\/Lektorat durch zweiten \u00dcbersetzer).<\/li>\n<li>In der Zwischenzeit halte ich Sie \u00fcber den aktuellen Stand auf dem Laufenden. Manchmal tauchen zum Text noch w\u00e4hrend der \u00dcbersetzung Fragen auf. Bitte bleiben Sie deshalb f\u00fcr eventuelle Fragen verf\u00fcgbar.<\/li>\n<li>Sp\u00e4testens zum <strong>vereinbarten Termin<\/strong> schicke ich Ihnen die \u00dcbersetzung\/den korrigierten Text inklusive Rechnung per E-Mail zu.<\/li>\n<li>Danach haben Sie <strong>zwei Wochen<\/strong> (ab Rechnungsdatum) Zeit, die \u00dcbersetzung zu \u00fcberpr\u00fcfen und eventuelle <strong>\u00c4nderungsw\u00fcnsche<\/strong> bekanntzugeben. Diese werden dann so schnell wie m\u00f6glich f\u00fcr Sie erledigt.<\/li>\n<\/ul>\n<p>&nbsp;<\/p>\n<p>[\/et_pb_text][\/et_pb_column][\/et_pb_row][et_pb_row custom_padding=&#8220;0px||0px|&#8220; custom_margin=&#8220;||100px|&#8220; make_equal=&#8220;on&#8220; padding_right_1=&#8220;5%&#8220; padding_left_1=&#8220;5%&#8220; padding_top_2=&#8220;40px&#8220; padding_right_2=&#8220;40px&#8220; padding_bottom_2=&#8220;40px&#8220; padding_left_2=&#8220;40px&#8220; background_color_gradient_start_1=&#8220;#ff6a88&#8243; background_color_gradient_end_1=&#8220;#ff99ac&#8220; background_color_gradient_direction_1=&#8220;35deg&#8220; _builder_version=&#8220;3.0.89&#8243; module_alignment=&#8220;center&#8220; box_shadow_style=&#8220;preset3&#8243; box_shadow_vertical=&#8220;40px&#8220; box_shadow_blur=&#8220;50px&#8220; box_shadow_color=&#8220;rgba(0,0,0,0.1)&#8220;][et_pb_column type=&#8220;4_4&#8243;][et_pb_text _builder_version=&#8220;3.0.95&#8243; header_3_font=&#8220;Playfair Display|700|||||||&#8220; header_3_font_size=&#8220;28px&#8220; header_3_text_color=&#8220;#2b2b2b&#8220; header_3_line_height=&#8220;1.5em&#8220; custom_margin=&#8220;||10px|&#8220; background_layout=&#8220;light&#8220; text_orientation=&#8220;center&#8220; module_alignment=&#8220;center&#8220;]<\/p>\n<h3>M\u00f6chten Sie ein kostenloses Angebot erhalten?<\/h3>\n<p>[\/et_pb_text][et_pb_divider color=&#8220;#f7d584&#8243; show_divider=&#8220;on&#8220; divider_weight=&#8220;3px&#8220; height=&#8220;10px&#8220; disabled_on=&#8220;on|on|off&#8220; _builder_version=&#8220;3.0.89&#8243; max_width=&#8220;80px&#8220; module_alignment=&#8220;center&#8220; custom_margin=&#8220;||20px|&#8220; animation_style=&#8220;slide&#8220; animation_direction=&#8220;bottom&#8220; saved_tabs=&#8220;all&#8220; locked=&#8220;off&#8220; \/][et_pb_text _builder_version=&#8220;3.0.95&#8243; text_font=&#8220;Poppins||||||||&#8220; text_font_size=&#8220;16px&#8220; text_text_color=&#8220;rgba(0,0,0,0.58)&#8220; text_line_height=&#8220;1.9em&#8220; module_alignment=&#8220;center&#8220; custom_margin=&#8220;||30px|&#8220; background_layout=&#8220;light&#8220; text_orientation=&#8220;center&#8220;]<\/p>\n<p>Dann nehmen Sie mit mir <span style=\"color: #ff6a88;\"><a style=\"color: #ff6a88;\" href=\"http:\/\/wachter-in.com\/de\/kontakt\/\">Kontakt<\/a><\/span> auf. Gerne beantworte ich alle Ihre Fragen und bespreche mit Ihnen, wie ich Ihnen am besten helfen kann.<br \/>\n&nbsp;<\/p>\n<p>[\/et_pb_text][et_pb_button button_url=&#8220;http:\/\/wachter-in.com\/de\/kontakt\/&#8220; button_text=&#8220;Kontaktieren Sie mich f\u00fcr ein kostenloses Angebot&#8220; button_alignment=&#8220;center&#8220; _builder_version=&#8220;3.0.95&#8243; custom_margin=&#8220;|||&#8220; custom_padding=&#8220;12px|28px|12px|28px&#8220; custom_button=&#8220;on&#8220; button_text_size=&#8220;14px&#8220; button_text_color=&#8220;rgba(0,0,0,0.7)&#8220; button_bg_color=&#8220;#f7d584&#8243; button_border_width=&#8220;10px&#8220; button_border_color=&#8220;#f7d584&#8243; button_border_radius=&#8220;0px&#8220; button_letter_spacing=&#8220;2px&#8220; button_font=&#8220;|700||on|||||&#8220; button_use_icon=&#8220;off&#8220; button_letter_spacing_hover=&#8220;2px&#8220; locked=&#8220;off&#8220; saved_tabs=&#8220;all&#8220; url_new_window=&#8220;off&#8220; background_layout=&#8220;light&#8220; button_icon_placement=&#8220;right&#8220; box_shadow_style=&#8220;preset3&#8243; box_shadow_color=&#8220;rgba(247,213,132,0.7)&#8220; \/][et_pb_divider _builder_version=&#8220;3.0.89&#8243; \/][\/et_pb_column][\/et_pb_row][\/et_pb_section][et_pb_section bb_built=&#8220;1&#8243; admin_label=&#8220;Footer&#8220; disabled_on=&#8220;off|off|off&#8220; _builder_version=&#8220;3.0.95&#8243; use_background_color_gradient=&#8220;on&#8220; background_color_gradient_start=&#8220;#ff6a88&#8243; background_color_gradient_end=&#8220;#ff99ac&#8220; background_color_gradient_direction=&#8220;131deg&#8220; max_width=&#8220;80%&#8220; max_width_last_edited=&#8220;on|tablet&#8220; module_alignment=&#8220;center&#8220; custom_padding=&#8220;30px|0px|30px|0px&#8220; animation_style=&#8220;slide&#8220; animation_direction=&#8220;bottom&#8220; animation_intensity_slide=&#8220;14%&#8220; animation_starting_opacity=&#8220;100%&#8220; saved_tabs=&#8220;all&#8220; locked=&#8220;off&#8220; global_module=&#8220;48491&#8243;][et_pb_row global_parent=&#8220;48491&#8243; _builder_version=&#8220;3.0.89&#8243; background_color_gradient_direction=&#8220;38deg&#8220; module_alignment=&#8220;center&#8220; locked=&#8220;off&#8220;][et_pb_column type=&#8220;1_2&#8243;][et_pb_text global_parent=&#8220;48491&#8243; background_layout=&#8220;dark&#8220; _builder_version=&#8220;3.0.89&#8243; text_font=&#8220;Poppins||||||||&#8220; text_font_size=&#8220;16px&#8220; text_text_color=&#8220;rgba(0,0,0,0.5)&#8220; text_line_height=&#8220;1.9em&#8220; header_4_font=&#8220;|700||on|||||&#8220; header_4_font_size=&#8220;16px&#8220; header_4_letter_spacing=&#8220;1px&#8220; header_4_line_height=&#8220;1.5em&#8220; locked=&#8220;off&#8220;]<\/p>\n<h3>Wachter International<\/h3>\n<p><strong>Ines Wachter<\/strong><\/p>\n<p>[\/et_pb_text][et_pb_social_media_follow global_parent=&#8220;48491&#8243; _builder_version=&#8220;3.0.89&#8243; url_new_window=&#8220;off&#8220; follow_button=&#8220;off&#8220; background_layout=&#8220;dark&#8220; border_radii=&#8220;|10px|10px|10px|10px&#8220;][et_pb_social_media_follow_network _builder_version=&#8220;3.0.89&#8243; social_network=&#8220;linkedin&#8220; skype_action=&#8220;call&#8220; url=&#8220;https:\/\/www.linkedin.com\/in\/wachter-in&#8220; background_color=&#8220;#007bb6&#8243; use_background_color_gradient=&#8220;off&#8220; background_color_gradient_start=&#8220;#2b87da&#8220; background_color_gradient_end=&#8220;#29c4a9&#8243; background_color_gradient_type=&#8220;linear&#8220; background_color_gradient_direction=&#8220;180deg&#8220; background_color_gradient_direction_radial=&#8220;center&#8220; background_color_gradient_start_position=&#8220;0%&#8220; background_color_gradient_end_position=&#8220;100%&#8220; background_color_gradient_overlays_image=&#8220;off&#8220; parallax=&#8220;off&#8220; parallax_method=&#8220;on&#8220; background_size=&#8220;cover&#8220; background_position=&#8220;center&#8220; background_repeat=&#8220;no-repeat&#8220; background_blend=&#8220;normal&#8220; allow_player_pause=&#8220;off&#8220;] LinkedIn [\/et_pb_social_media_follow_network][\/et_pb_social_media_follow][\/et_pb_column][et_pb_column type=&#8220;1_2&#8243;][et_pb_text global_parent=&#8220;48491&#8243; background_layout=&#8220;dark&#8220; _builder_version=&#8220;3.0.95&#8243; text_font=&#8220;Poppins||||||||&#8220; text_font_size=&#8220;16px&#8220; text_text_color=&#8220;rgba(0,0,0,0.5)&#8220; text_line_height=&#8220;1.9em&#8220; header_4_font=&#8220;|700||on|||||&#8220; header_4_font_size=&#8220;16px&#8220; header_4_letter_spacing=&#8220;1px&#8220; header_4_line_height=&#8220;1.5em&#8220; locked=&#8220;off&#8220;]<\/p>\n<h3>Kontaktinformation<\/h3>\n<p><strong>Telefonnummer:&nbsp;+31 6 337 80 017<\/strong><br \/> <strong>E-Mail:<span style=\"color: #666666;\">&nbsp;<a style=\"color: #666666;\" href=\"mailto:iwachter@wachter-in.com\">iwachter@wachter-in.com<\/a><\/span><\/strong><\/p>\n<p><strong>Registernummer:&nbsp;60718250<\/strong><br \/> <strong> UID:&nbsp;NL266695334B01<\/strong><\/p>\n<p>[\/et_pb_text][et_pb_text global_parent=&#8220;48491&#8243; background_layout=&#8220;dark&#8220; _builder_version=&#8220;3.0.95&#8243; text_font_size=&#8220;16px&#8220; text_text_color=&#8220;rgba(0,0,0,0.5)&#8220; text_line_height=&#8220;1.9em&#8220; header_4_font=&#8220;|700||on|||||&#8220; header_4_font_size=&#8220;16px&#8220; header_4_letter_spacing=&#8220;1px&#8220; header_4_line_height=&#8220;1.5em&#8220; text_font=&#8220;Poppins||||||||&#8220;]<\/p>\n<h3>\u00d6ffnungszeiten<\/h3>\n<p><strong>Montag, Mittwoch &amp; Freitag:<\/strong><br \/> <strong>8:00 &#8211; 17:30 (8 am &#8211; 5:30 pm)<\/strong><br \/> <strong>Dienstag, Donnerstag &amp; Wochenende:<\/strong><br \/> <strong>nur erreichbar f\u00fcr bereits geplante oder aktuelle Projekte<\/strong><\/p>\n<p>[\/et_pb_text][\/et_pb_column][\/et_pb_row][\/et_pb_section]<\/p>\n","protected":false},"excerpt":{"rendered":"<p>Preise Jeder Text und jedes Projekt ist einzigartig und erfordert individuelle Aufmerksamkeit. \u00dcbersetzungen sind Ma\u00dfarbeit! Darum l\u00e4sst sich der Preis f\u00fcr \u00dcbersetzungen oder andere Dienstleistungen nicht einfach festlegen. Jeder Text und jedes Projekt ist einzigartig und erfordert individuelle Aufmerksamkeit. Der Preis h\u00e4ngt von verschiedenen Faktoren ab wie z.B.: Art des Textes: Handelt es sich um [&hellip;]<\/p>\n","protected":false},"author":1,"featured_media":0,"parent":0,"menu_order":0,"comment_status":"closed","ping_status":"closed","template":"","meta":{"_et_pb_use_builder":"on","_et_pb_old_content":"","_et_gb_content_width":""},"_links":{"self":[{"href":"http:\/\/wachter-in.com\/de\/wp-json\/wp\/v2\/pages\/58"}],"collection":[{"href":"http:\/\/wachter-in.com\/de\/wp-json\/wp\/v2\/pages"}],"about":[{"href":"http:\/\/wachter-in.com\/de\/wp-json\/wp\/v2\/types\/page"}],"author":[{"embeddable":true,"href":"http:\/\/wachter-in.com\/de\/wp-json\/wp\/v2\/users\/1"}],"replies":[{"embeddable":true,"href":"http:\/\/wachter-in.com\/de\/wp-json\/wp\/v2\/comments?post=58"}],"version-history":[{"count":11,"href":"http:\/\/wachter-in.com\/de\/wp-json\/wp\/v2\/pages\/58\/revisions"}],"predecessor-version":[{"id":48555,"href":"http:\/\/wachter-in.com\/de\/wp-json\/wp\/v2\/pages\/58\/revisions\/48555"}],"wp:attachment":[{"href":"http:\/\/wachter-in.com\/de\/wp-json\/wp\/v2\/media?parent=58"}],"curies":[{"name":"wp","href":"https:\/\/api.w.org\/{rel}","templated":true}]}}