{"id":60,"date":"2018-01-15T22:15:26","date_gmt":"2018-01-15T21:15:26","guid":{"rendered":"http:\/\/wachter-in.com\/de\/?page_id=60"},"modified":"2018-01-17T22:08:19","modified_gmt":"2018-01-17T21:08:19","slug":"leistungen","status":"publish","type":"page","link":"http:\/\/wachter-in.com\/de\/leistungen\/","title":{"rendered":"Leistungen"},"content":{"rendered":"<p>[et_pb_section bb_built=&#8220;1&#8243; admin_label=&#8220;Hero Section&#8220; _builder_version=&#8220;3.0.89&#8243; use_background_color_gradient=&#8220;on&#8220; background_color_gradient_start=&#8220;#ff6a88&#8243; background_color_gradient_end=&#8220;#ff99ac&#8220; background_color_gradient_direction=&#8220;131deg&#8220; custom_padding=&#8220;80px|0px||0px&#8220; animation_style=&#8220;slide&#8220; animation_direction=&#8220;top&#8220; animation_intensity_slide=&#8220;2%&#8220; animation_starting_opacity=&#8220;100%&#8220; locked=&#8220;off&#8220;][et_pb_row custom_width_px=&#8220;1440px&#8220; custom_padding=&#8220;|||&#8220; _builder_version=&#8220;3.0.89&#8243; background_position=&#8220;top_left&#8220; background_repeat=&#8220;repeat&#8220; background_size=&#8220;initial&#8220;][et_pb_column type=&#8220;1_2&#8243;][et_pb_text _builder_version=&#8220;3.0.95&#8243; header_font=&#8220;Playfair Display|700|||||||&#8220; header_font_size=&#8220;60px&#8220; header_text_color=&#8220;#ffffff&#8220; header_line_height=&#8220;1.5em&#8220; custom_margin=&#8220;||20px|&#8220; locked=&#8220;off&#8220; background_layout=&#8220;light&#8220;]<\/p>\n<h1>Leistungen<\/h1>\n<p>[\/et_pb_text][et_pb_divider color=&#8220;#f7d584&#8243; show_divider=&#8220;on&#8220; divider_weight=&#8220;3px&#8220; height=&#8220;10px&#8220; disabled_on=&#8220;on|on|off&#8220; _builder_version=&#8220;3.0.89&#8243; max_width=&#8220;80px&#8220; module_alignment=&#8220;left&#8220; custom_margin=&#8220;||20px|&#8220; animation_style=&#8220;slide&#8220; animation_direction=&#8220;bottom&#8220; saved_tabs=&#8220;all&#8220; locked=&#8220;off&#8220; \/][et_pb_text _builder_version=&#8220;3.0.95&#8243; text_font=&#8220;Poppins||||||||&#8220; text_font_size=&#8220;18px&#8220; text_text_color=&#8220;rgba(255,255,255,0.8)&#8220; text_line_height=&#8220;1.8em&#8220; locked=&#8220;off&#8220; background_layout=&#8220;light&#8220;]<\/p>\n<p>\u00dcbersetzungen, Korrektorat \u2013 Lektorat \u2013 Editieren, Untertitel.<\/p>\n<p>[\/et_pb_text][\/et_pb_column][et_pb_column type=&#8220;1_2&#8243;][\/et_pb_column][\/et_pb_row][\/et_pb_section][et_pb_section bb_built=&#8220;1&#8243; admin_label=&#8220;Collections&#8220; custom_padding_last_edited=&#8220;off|desktop&#8220; _builder_version=&#8220;3.0.89&#8243; custom_padding=&#8220;70px|0px|0px|0px&#8220; animation_style=&#8220;fade&#8220;][et_pb_row custom_padding=&#8220;0px||0px|&#8220; custom_margin=&#8220;||100px|&#8220; make_equal=&#8220;on&#8220; padding_right_1=&#8220;5%&#8220; padding_left_1=&#8220;5%&#8220; padding_top_2=&#8220;40px&#8220; padding_right_2=&#8220;40px&#8220; padding_bottom_2=&#8220;40px&#8220; padding_left_2=&#8220;40px&#8220; background_color_gradient_start_1=&#8220;#ff6a88&#8243; background_color_gradient_end_1=&#8220;#ff99ac&#8220; background_color_gradient_direction_1=&#8220;35deg&#8220; _builder_version=&#8220;3.0.89&#8243; module_alignment=&#8220;center&#8220; box_shadow_style=&#8220;preset3&#8243; box_shadow_vertical=&#8220;40px&#8220; box_shadow_blur=&#8220;50px&#8220; box_shadow_color=&#8220;rgba(0,0,0,0.1)&#8220;][et_pb_column type=&#8220;4_4&#8243;][et_pb_text _builder_version=&#8220;3.0.95&#8243; header_3_font=&#8220;Playfair Display|700|||||||&#8220; header_3_font_size=&#8220;28px&#8220; header_3_text_color=&#8220;#2b2b2b&#8220; header_3_line_height=&#8220;1.5em&#8220; custom_margin=&#8220;||10px|&#8220; background_layout=&#8220;light&#8220;]<\/p>\n<h3>\u00dcbersetzungen<\/h3>\n<p>[\/et_pb_text][et_pb_divider color=&#8220;#f7d584&#8243; show_divider=&#8220;on&#8220; divider_weight=&#8220;3px&#8220; height=&#8220;10px&#8220; disabled_on=&#8220;on|on|off&#8220; _builder_version=&#8220;3.0.84&#8243; max_width=&#8220;80px&#8220; module_alignment=&#8220;left&#8220; custom_margin=&#8220;||20px|&#8220; animation_style=&#8220;slide&#8220; animation_direction=&#8220;bottom&#8220; saved_tabs=&#8220;all&#8220; locked=&#8220;off&#8220; \/][et_pb_text _builder_version=&#8220;3.0.95&#8243; text_font=&#8220;Poppins||||||||&#8220; text_font_size=&#8220;16px&#8220; text_text_color=&#8220;rgba(0,0,0,0.58)&#8220; text_line_height=&#8220;1.9em&#8220; module_alignment=&#8220;center&#8220; custom_margin=&#8220;||30px|&#8220; background_layout=&#8220;light&#8220;]<\/p>\n<p>Wachter International bietet vor allem \u00dcbersetzungen aus dem <strong>Englischen und Deutschen ins Niederl\u00e4ndische<\/strong> sowie aus dem <strong>Englischen und Niederl\u00e4ndischen ins Deutsche<\/strong>. Aber auch f\u00fcr andere Sprachen k\u00f6nnen Sie sich an mich wenden. Mehr \u00fcber mich und meine Fachgebiete erfahren Sie im Bereich <span style=\"color: #ff6a88;\"><a style=\"color: #ff6a88;\" href=\"http:\/\/wachter-in.com\/de\/ueber-mich\/\">\u00dcber mich<\/a><\/span>. Aber auch f\u00fcr andere Sprachen k\u00f6nnen Sie sich an mich wenden.<\/p>\n<p><strong>M\u00f6chten Sie Ihre Webseite\/Brosch\u00fcre\/Handbuch etc. in mehrere Sprachen \u00fcbersetzen lassen?<\/strong><\/p>\n<p>Als <strong>Projektmanagerin<\/strong> k\u00fcmmere ich mich nicht nur um eine korrekte \u00dcbersetzung Ihrer Texte, sondern auch um die komplette Abwicklung Ihres \u00dcbersetzungsprojektes. Das bedeutet f\u00fcr Sie <strong>nur einen Ansprechpartner<\/strong> und Sie k\u00f6nnen sich wieder um andere wichtige Angelegenheiten Ihres Unternehmens k\u00fcmmern.<\/p>\n<p>[\/et_pb_text][\/et_pb_column][\/et_pb_row][et_pb_row custom_padding=&#8220;0px||0px|&#8220; custom_margin=&#8220;||100px|&#8220; make_equal=&#8220;on&#8220; padding_right_1=&#8220;5%&#8220; padding_left_1=&#8220;5%&#8220; padding_top_2=&#8220;40px&#8220; padding_right_2=&#8220;40px&#8220; padding_bottom_2=&#8220;40px&#8220; padding_left_2=&#8220;40px&#8220; background_color_gradient_start_1=&#8220;#ff6a88&#8243; background_color_gradient_end_1=&#8220;#ff99ac&#8220; background_color_gradient_direction_1=&#8220;35deg&#8220; _builder_version=&#8220;3.0.89&#8243; module_alignment=&#8220;center&#8220; box_shadow_style=&#8220;preset3&#8243; box_shadow_vertical=&#8220;40px&#8220; box_shadow_blur=&#8220;50px&#8220; box_shadow_color=&#8220;rgba(0,0,0,0.1)&#8220;][et_pb_column type=&#8220;4_4&#8243;][et_pb_text _builder_version=&#8220;3.0.95&#8243; header_3_font=&#8220;Playfair Display|700|||||||&#8220; header_3_font_size=&#8220;28px&#8220; header_3_text_color=&#8220;#2b2b2b&#8220; header_3_line_height=&#8220;1.5em&#8220; custom_margin=&#8220;||10px|&#8220; background_layout=&#8220;light&#8220;]<\/p>\n<h3>Korrektorat \u2013 Lektorat \u2013 Editieren<\/h3>\n<p>[\/et_pb_text][et_pb_divider color=&#8220;#f7d584&#8243; show_divider=&#8220;on&#8220; divider_weight=&#8220;3px&#8220; height=&#8220;10px&#8220; disabled_on=&#8220;on|on|off&#8220; _builder_version=&#8220;3.0.84&#8243; max_width=&#8220;80px&#8220; module_alignment=&#8220;left&#8220; custom_margin=&#8220;||20px|&#8220; animation_style=&#8220;slide&#8220; animation_direction=&#8220;bottom&#8220; saved_tabs=&#8220;all&#8220; locked=&#8220;off&#8220; \/][et_pb_text _builder_version=&#8220;3.0.95&#8243; text_font=&#8220;Poppins||||||||&#8220; text_font_size=&#8220;16px&#8220; text_text_color=&#8220;rgba(0,0,0,0.58)&#8220; text_line_height=&#8220;1.9em&#8220; module_alignment=&#8220;center&#8220; custom_margin=&#8220;||30px|&#8220; background_layout=&#8220;light&#8220;]<\/p>\n<p>Haben Sie bereits einen gebrauchsfertigen Text oder haben Sie bereits einen Text \u00fcbersetzen lassen? Sind Sie sich der Qualit\u00e4t nicht sicher oder m\u00f6chten Sie sicher sein, dass der Text fehlerfrei ist? Dann nehmen Sie mit mir <span style=\"color: #ff6a88;\"><a style=\"color: #ff6a88;\" href=\"http:\/\/wachter-in.com\/de\/kontakt\/\">Kontakt<\/a><\/span> auf!<\/p>\n<p>Ein fehlerhafter Text hinterl\u00e4sst bei (potenziellen) Kunden in der Regel einen nicht allzu guten Eindruck. Wenn ein Text nicht korrekt \u00fcbersetzt wurde, k\u00f6nnen Sie (potenzielle) Kunden verlieren. <strong>Ein hochwertiger Text strahlt Zuverl\u00e4ssigkeit aus<\/strong>.<\/p>\n<p>Ich m\u00f6chte Ihnen auf sprachlicher Ebene dazu verhelfen, Ihren (potentiellen) Kunden einen besseren Service bieten zu k\u00f6nnen.<\/p>\n<p>Die Begriffe Korrektorat, Lektorat und Editieren werden oft verwechselt. Hier ein kurzer \u00dcberblick \u00fcber <strong>deren Bedeutung<\/strong>:<\/p>\n<p>[\/et_pb_text][et_pb_divider _builder_version=&#8220;3.0.89&#8243; \/][et_pb_accordion _builder_version=&#8220;3.0.95&#8243; body_font=&#8220;Poppins||||||||&#8220; body_font_size=&#8220;16&#8243; body_text_color=&#8220;rgba(0,0,0,0.58)&#8220; body_line_height=&#8220;1.9em&#8220; closed_toggle_background_color=&#8220;#ff6a88&#8243; closed_toggle_text_color=&#8220;#ffffff&#8220; icon_color=&#8220;#ffffff&#8220; toggle_font=&#8220;Poppins|700|||||||&#8220; border_color_all=&#8220;rgba(53,55,64,0.4)&#8220; box_shadow_style=&#8220;preset3&#8243; toggle_font_size=&#8220;20&#8243;][et_pb_accordion_item _builder_version=&#8220;3.0.95&#8243; title=&#8220;Korrektorat&#8220; use_background_color_gradient=&#8220;off&#8220; background_color_gradient_start=&#8220;#2b87da&#8220; background_color_gradient_end=&#8220;#29c4a9&#8243; background_color_gradient_type=&#8220;linear&#8220; background_color_gradient_direction=&#8220;180deg&#8220; background_color_gradient_direction_radial=&#8220;center&#8220; background_color_gradient_start_position=&#8220;0%&#8220; background_color_gradient_end_position=&#8220;100%&#8220; background_color_gradient_overlays_image=&#8220;off&#8220; parallax=&#8220;off&#8220; parallax_method=&#8220;on&#8220; background_size=&#8220;cover&#8220; background_position=&#8220;center&#8220; background_repeat=&#8220;no-repeat&#8220; background_blend=&#8220;normal&#8220; allow_player_pause=&#8220;off&#8220; box_shadow_style=&#8220;none&#8220;]<\/p>\n<ul>\n<li>Letzte Kontrolle vor Ver\u00f6ffentlichung<\/li>\n<li>Nur Grammatik- und Rechtschreibfehler werden korrigiert.<\/li>\n<li>Kein Vergleich mit Quelltext <\/li>\n<\/ul>\n<p>[\/et_pb_accordion_item][et_pb_accordion_item _builder_version=&#8220;3.0.95&#8243; title=&#8220;Lektorat&#8220; use_background_color_gradient=&#8220;off&#8220; background_color_gradient_start=&#8220;#2b87da&#8220; background_color_gradient_end=&#8220;#29c4a9&#8243; background_color_gradient_type=&#8220;linear&#8220; background_color_gradient_direction=&#8220;180deg&#8220; background_color_gradient_direction_radial=&#8220;center&#8220; background_color_gradient_start_position=&#8220;0%&#8220; background_color_gradient_end_position=&#8220;100%&#8220; background_color_gradient_overlays_image=&#8220;off&#8220; parallax=&#8220;off&#8220; parallax_method=&#8220;on&#8220; background_size=&#8220;cover&#8220; background_position=&#8220;center&#8220; background_repeat=&#8220;no-repeat&#8220; background_blend=&#8220;normal&#8220; allow_player_pause=&#8220;off&#8220; box_shadow_style=&#8220;none&#8220;]<\/p>\n<ul>\n<li>Kontrolle vor dem Korrektorat<\/li>\n<li>Neben Grammatik- und Rechtschreibkorrektur wird auch auf Stil und Satzbau geachtet.<\/li>\n<li>Vergleich mit Quelltext (bei \u00dcbersetzung)<\/li>\n<\/ul>\n<p>[\/et_pb_accordion_item][et_pb_accordion_item _builder_version=&#8220;3.0.95&#8243; title=&#8220;Editieren&#8220; use_background_color_gradient=&#8220;off&#8220; background_color_gradient_start=&#8220;#2b87da&#8220; background_color_gradient_end=&#8220;#29c4a9&#8243; background_color_gradient_type=&#8220;linear&#8220; background_color_gradient_direction=&#8220;180deg&#8220; background_color_gradient_direction_radial=&#8220;center&#8220; background_color_gradient_start_position=&#8220;0%&#8220; background_color_gradient_end_position=&#8220;100%&#8220; background_color_gradient_overlays_image=&#8220;off&#8220; parallax=&#8220;off&#8220; parallax_method=&#8220;on&#8220; background_size=&#8220;cover&#8220; background_position=&#8220;center&#8220; background_repeat=&#8220;no-repeat&#8220; background_blend=&#8220;normal&#8220; allow_player_pause=&#8220;off&#8220; box_shadow_style=&#8220;none&#8220;]<\/p>\n<ul>\n<li>Grammatik- und Rechtschreibkorrektur<\/li>\n<li>Stil, Satzbau und Lesbarkeit werden gepr\u00fcft.<\/li>\n<li>Der Inhalt wird \u00fcberpr\u00fcft und gegebenenfalls \u00fcberarbeitet.<\/li>\n<\/ul>\n<p>[\/et_pb_accordion_item][\/et_pb_accordion][et_pb_divider _builder_version=&#8220;3.0.89&#8243; \/][\/et_pb_column][\/et_pb_row][et_pb_row custom_padding=&#8220;0px||0px|&#8220; custom_margin=&#8220;||100px|&#8220; make_equal=&#8220;on&#8220; padding_right_1=&#8220;5%&#8220; padding_left_1=&#8220;5%&#8220; padding_top_2=&#8220;40px&#8220; padding_right_2=&#8220;40px&#8220; padding_bottom_2=&#8220;40px&#8220; padding_left_2=&#8220;40px&#8220; background_color_gradient_start_1=&#8220;#ff6a88&#8243; background_color_gradient_end_1=&#8220;#ff99ac&#8220; background_color_gradient_direction_1=&#8220;35deg&#8220; _builder_version=&#8220;3.0.89&#8243; module_alignment=&#8220;center&#8220; box_shadow_style=&#8220;preset3&#8243; box_shadow_vertical=&#8220;40px&#8220; box_shadow_blur=&#8220;50px&#8220; box_shadow_color=&#8220;rgba(0,0,0,0.1)&#8220;][et_pb_column type=&#8220;4_4&#8243;][et_pb_text _builder_version=&#8220;3.0.95&#8243; header_3_font=&#8220;Playfair Display|700|||||||&#8220; header_3_font_size=&#8220;28px&#8220; header_3_text_color=&#8220;#2b2b2b&#8220; header_3_line_height=&#8220;1.5em&#8220; custom_margin=&#8220;||10px|&#8220; background_layout=&#8220;light&#8220;]<\/p>\n<h3>Untertitel<\/h3>\n<p>[\/et_pb_text][et_pb_divider color=&#8220;#f7d584&#8243; show_divider=&#8220;on&#8220; divider_weight=&#8220;3px&#8220; height=&#8220;10px&#8220; disabled_on=&#8220;on|on|off&#8220; _builder_version=&#8220;3.0.89&#8243; max_width=&#8220;80px&#8220; module_alignment=&#8220;left&#8220; custom_margin=&#8220;||20px|&#8220; animation_style=&#8220;slide&#8220; animation_direction=&#8220;bottom&#8220; saved_tabs=&#8220;all&#8220; locked=&#8220;off&#8220; \/][et_pb_text _builder_version=&#8220;3.0.95&#8243; text_font=&#8220;Poppins||||||||&#8220; text_font_size=&#8220;16px&#8220; text_text_color=&#8220;rgba(0,0,0,0.58)&#8220; text_line_height=&#8220;1.9em&#8220; module_alignment=&#8220;center&#8220; custom_margin=&#8220;||30px|&#8220; background_layout=&#8220;light&#8220;]<\/p>\n<p>Die <strong>\u00dcbersetzung<\/strong> und das <strong>Spotting<\/strong> (d.h.: das Festlegen der Ein- und Ausstiegszeiten der Untertitel) <strong>von Untertiteln<\/strong> geh\u00f6rt zu den Dienstleistungen von Wachter International. Ich liefere regelm\u00e4\u00dfig Untertitel f\u00fcr Unternehmen, Dokumentationen etc.<\/p>\n<p>Bitte <span style=\"color: #ff6a88;\"><a style=\"color: #ff6a88;\" href=\"http:\/\/wachter-in.com\/de\/kontakt\/\">kontaktieren<\/a><\/span> Sie mich unverbindlich und wir k\u00f6nnen besprechen, was ich f\u00fcr Sie tun kann!<\/p>\n<p>[\/et_pb_text][et_pb_button button_url=&#8220;http:\/\/wachter-in.com\/de\/preise\/&#8220; button_text=&#8220;Lesen Sie mehr \u00fcber meine Preise&#8220; button_alignment=&#8220;center&#8220; _builder_version=&#8220;3.0.95&#8243; custom_margin=&#8220;|||&#8220; custom_padding=&#8220;12px|28px|12px|28px&#8220; custom_button=&#8220;on&#8220; button_text_size=&#8220;14px&#8220; button_text_color=&#8220;rgba(0,0,0,0.7)&#8220; button_bg_color=&#8220;#f7d584&#8243; button_border_width=&#8220;10px&#8220; button_border_color=&#8220;#f7d584&#8243; button_border_radius=&#8220;0px&#8220; button_letter_spacing=&#8220;2px&#8220; button_font=&#8220;|700||on|||||&#8220; button_use_icon=&#8220;off&#8220; button_letter_spacing_hover=&#8220;2px&#8220; saved_tabs=&#8220;all&#8220; url_new_window=&#8220;off&#8220; background_layout=&#8220;light&#8220; button_icon_placement=&#8220;right&#8220; box_shadow_style=&#8220;preset3&#8243; box_shadow_color=&#8220;rgba(247,213,132,0.7)&#8220; \/][et_pb_divider _builder_version=&#8220;3.0.89&#8243; \/][\/et_pb_column][\/et_pb_row][et_pb_row custom_padding=&#8220;0px||0px|&#8220; custom_margin=&#8220;||100px|&#8220; make_equal=&#8220;on&#8220; padding_right_1=&#8220;5%&#8220; padding_left_1=&#8220;5%&#8220; padding_top_2=&#8220;40px&#8220; padding_right_2=&#8220;40px&#8220; padding_bottom_2=&#8220;40px&#8220; padding_left_2=&#8220;40px&#8220; background_color_gradient_start_1=&#8220;#ff6a88&#8243; background_color_gradient_end_1=&#8220;#ff99ac&#8220; background_color_gradient_direction_1=&#8220;35deg&#8220; _builder_version=&#8220;3.0.89&#8243; module_alignment=&#8220;center&#8220; box_shadow_style=&#8220;preset3&#8243; box_shadow_vertical=&#8220;40px&#8220; box_shadow_blur=&#8220;50px&#8220; box_shadow_color=&#8220;rgba(0,0,0,0.1)&#8220; disabled_on=&#8220;on|on|on&#8220; disabled=&#8220;on&#8220;][et_pb_column type=&#8220;4_4&#8243;][et_pb_text _builder_version=&#8220;3.0.95&#8243; header_3_font=&#8220;Playfair Display|700|||||||&#8220; header_3_font_size=&#8220;28px&#8220; header_3_text_color=&#8220;#2b2b2b&#8220; header_3_line_height=&#8220;1.5em&#8220; custom_margin=&#8220;||10px|&#8220;]<\/p>\n<h3>Language training<\/h3>\n<p>[\/et_pb_text][et_pb_divider color=&#8220;#f7d584&#8243; show_divider=&#8220;on&#8220; divider_weight=&#8220;3px&#8220; height=&#8220;10px&#8220; disabled_on=&#8220;on|on|off&#8220; _builder_version=&#8220;3.0.89&#8243; max_width=&#8220;80px&#8220; module_alignment=&#8220;left&#8220; custom_margin=&#8220;||20px|&#8220; animation_style=&#8220;slide&#8220; animation_direction=&#8220;bottom&#8220; saved_tabs=&#8220;all&#8220; locked=&#8220;off&#8220; \/][et_pb_text _builder_version=&#8220;3.0.89&#8243; text_font=&#8220;Poppins||||||||&#8220; text_font_size=&#8220;16px&#8220; text_text_color=&#8220;rgba(0,0,0,0.58)&#8220; text_line_height=&#8220;1.9em&#8220; module_alignment=&#8220;center&#8220; custom_margin=&#8220;||30px|&#8220; background_layout=&#8220;light&#8220;]<\/p>\n<p><strong>Do you have many customers in or from Germany and would you like to improve your (business) German?<\/strong><\/p>\n<p>Then don\u2019t hesitate to contact me for a <strong>professional German language training<\/strong> at all levels, <strong>custom-made<\/strong> for your situation and area of expertise.<\/p>\n<p>The lesson fee <strong>includes all preparations, teaching materials, tailor-made exercises and glossaries<\/strong>. You can best learn a language when dealing with subjects that you like. For this reason, I always design my lessons around topics that are of interest to the student, whether this is about hobbies, work, etc.<\/p>\n<p><span style=\"color: #ff6a88;\"><a style=\"color: #ff6a88;\" href=\"http:\/\/wachter-in.com\/contact\/\">Contact me<\/a><\/span> for an introductory meeting without any obligations, so we can discuss how we can give substance to the training!<br \/>\n&nbsp;<\/p>\n<p>[\/et_pb_text][et_pb_button button_url=&#8220;http:\/\/wachter-in.com\/de\/pricing\/&#8220; button_text=&#8220;Read more about my pricing&#8220; button_alignment=&#8220;center&#8220; _builder_version=&#8220;3.0.95&#8243; custom_margin=&#8220;|||&#8220; custom_padding=&#8220;12px|28px|12px|28px&#8220; custom_button=&#8220;on&#8220; button_text_size=&#8220;14px&#8220; button_text_color=&#8220;rgba(0,0,0,0.7)&#8220; button_bg_color=&#8220;#f7d584&#8243; button_border_width=&#8220;10px&#8220; button_border_color=&#8220;#f7d584&#8243; button_border_radius=&#8220;0px&#8220; button_letter_spacing=&#8220;2px&#8220; button_font=&#8220;|700||on|||||&#8220; button_use_icon=&#8220;off&#8220; button_letter_spacing_hover=&#8220;2px&#8220; locked=&#8220;off&#8220; saved_tabs=&#8220;all&#8220; url_new_window=&#8220;off&#8220; background_layout=&#8220;light&#8220; button_icon_placement=&#8220;right&#8220; box_shadow_style=&#8220;preset3&#8243; box_shadow_color=&#8220;rgba(247,213,132,0.7)&#8220; \/][et_pb_divider _builder_version=&#8220;3.0.89&#8243; \/][\/et_pb_column][\/et_pb_row][\/et_pb_section][et_pb_section bb_built=&#8220;1&#8243; admin_label=&#8220;Footer&#8220; disabled_on=&#8220;off|off|off&#8220; _builder_version=&#8220;3.0.95&#8243; use_background_color_gradient=&#8220;on&#8220; background_color_gradient_start=&#8220;#ff6a88&#8243; background_color_gradient_end=&#8220;#ff99ac&#8220; background_color_gradient_direction=&#8220;131deg&#8220; max_width=&#8220;80%&#8220; max_width_last_edited=&#8220;on|tablet&#8220; module_alignment=&#8220;center&#8220; custom_padding=&#8220;30px|0px|30px|0px&#8220; animation_style=&#8220;slide&#8220; animation_direction=&#8220;bottom&#8220; animation_intensity_slide=&#8220;14%&#8220; animation_starting_opacity=&#8220;100%&#8220; saved_tabs=&#8220;all&#8220; locked=&#8220;off&#8220; global_module=&#8220;48491&#8243;][et_pb_row global_parent=&#8220;48491&#8243; _builder_version=&#8220;3.0.89&#8243; background_color_gradient_direction=&#8220;38deg&#8220; module_alignment=&#8220;center&#8220; locked=&#8220;off&#8220;][et_pb_column type=&#8220;1_2&#8243;][et_pb_text global_parent=&#8220;48491&#8243; background_layout=&#8220;dark&#8220; _builder_version=&#8220;3.0.89&#8243; text_font=&#8220;Poppins||||||||&#8220; text_font_size=&#8220;16px&#8220; text_text_color=&#8220;rgba(0,0,0,0.5)&#8220; text_line_height=&#8220;1.9em&#8220; header_4_font=&#8220;|700||on|||||&#8220; header_4_font_size=&#8220;16px&#8220; header_4_letter_spacing=&#8220;1px&#8220; header_4_line_height=&#8220;1.5em&#8220; locked=&#8220;off&#8220;]<\/p>\n<h3>Wachter International<\/h3>\n<p><strong>Ines Wachter<\/strong><\/p>\n<p>[\/et_pb_text][et_pb_social_media_follow global_parent=&#8220;48491&#8243; _builder_version=&#8220;3.0.89&#8243; url_new_window=&#8220;off&#8220; follow_button=&#8220;off&#8220; background_layout=&#8220;dark&#8220; border_radii=&#8220;|10px|10px|10px|10px&#8220;][et_pb_social_media_follow_network _builder_version=&#8220;3.0.89&#8243; social_network=&#8220;linkedin&#8220; skype_action=&#8220;call&#8220; url=&#8220;https:\/\/www.linkedin.com\/in\/wachter-in&#8220; background_color=&#8220;#007bb6&#8243; use_background_color_gradient=&#8220;off&#8220; background_color_gradient_start=&#8220;#2b87da&#8220; background_color_gradient_end=&#8220;#29c4a9&#8243; background_color_gradient_type=&#8220;linear&#8220; background_color_gradient_direction=&#8220;180deg&#8220; background_color_gradient_direction_radial=&#8220;center&#8220; background_color_gradient_start_position=&#8220;0%&#8220; background_color_gradient_end_position=&#8220;100%&#8220; background_color_gradient_overlays_image=&#8220;off&#8220; parallax=&#8220;off&#8220; parallax_method=&#8220;on&#8220; background_size=&#8220;cover&#8220; background_position=&#8220;center&#8220; background_repeat=&#8220;no-repeat&#8220; background_blend=&#8220;normal&#8220; allow_player_pause=&#8220;off&#8220;] LinkedIn [\/et_pb_social_media_follow_network][\/et_pb_social_media_follow][\/et_pb_column][et_pb_column type=&#8220;1_2&#8243;][et_pb_text global_parent=&#8220;48491&#8243; background_layout=&#8220;dark&#8220; _builder_version=&#8220;3.0.95&#8243; text_font=&#8220;Poppins||||||||&#8220; text_font_size=&#8220;16px&#8220; text_text_color=&#8220;rgba(0,0,0,0.5)&#8220; text_line_height=&#8220;1.9em&#8220; header_4_font=&#8220;|700||on|||||&#8220; header_4_font_size=&#8220;16px&#8220; header_4_letter_spacing=&#8220;1px&#8220; header_4_line_height=&#8220;1.5em&#8220; locked=&#8220;off&#8220;]<\/p>\n<h3>Kontaktinformation<\/h3>\n<p><strong>Telefonnummer:&nbsp;+31 6 337 80 017<\/strong><br \/> <strong>E-Mail:<span style=\"color: #666666;\">&nbsp;<a style=\"color: #666666;\" href=\"mailto:iwachter@wachter-in.com\">iwachter@wachter-in.com<\/a><\/span><\/strong><\/p>\n<p><strong>Registernummer:&nbsp;60718250<\/strong><br \/> <strong> UID:&nbsp;NL266695334B01<\/strong><\/p>\n<p>[\/et_pb_text][et_pb_text global_parent=&#8220;48491&#8243; background_layout=&#8220;dark&#8220; _builder_version=&#8220;3.0.95&#8243; text_font_size=&#8220;16px&#8220; text_text_color=&#8220;rgba(0,0,0,0.5)&#8220; text_line_height=&#8220;1.9em&#8220; header_4_font=&#8220;|700||on|||||&#8220; header_4_font_size=&#8220;16px&#8220; header_4_letter_spacing=&#8220;1px&#8220; header_4_line_height=&#8220;1.5em&#8220; text_font=&#8220;Poppins||||||||&#8220;]<\/p>\n<h3>\u00d6ffnungszeiten<\/h3>\n<p><strong>Montag, Mittwoch &amp; Freitag:<\/strong><br \/> <strong>8:00 &#8211; 17:30 (8 am &#8211; 5:30 pm)<\/strong><br \/> <strong>Dienstag, Donnerstag &amp; Wochenende:<\/strong><br \/> <strong>nur erreichbar f\u00fcr bereits geplante oder aktuelle Projekte<\/strong><\/p>\n<p>[\/et_pb_text][\/et_pb_column][\/et_pb_row][\/et_pb_section]<\/p>\n","protected":false},"excerpt":{"rendered":"<p>Leistungen \u00dcbersetzungen, Korrektorat \u2013 Lektorat \u2013 Editieren, Untertitel. \u00dcbersetzungen Wachter International bietet vor allem \u00dcbersetzungen aus dem Englischen und Deutschen ins Niederl\u00e4ndische sowie aus dem Englischen und Niederl\u00e4ndischen ins Deutsche. Aber auch f\u00fcr andere Sprachen k\u00f6nnen Sie sich an mich wenden. Mehr \u00fcber mich und meine Fachgebiete erfahren Sie im Bereich \u00dcber mich. Aber auch [&hellip;]<\/p>\n","protected":false},"author":1,"featured_media":0,"parent":0,"menu_order":0,"comment_status":"closed","ping_status":"closed","template":"","meta":{"_et_pb_use_builder":"on","_et_pb_old_content":"","_et_gb_content_width":""},"_links":{"self":[{"href":"http:\/\/wachter-in.com\/de\/wp-json\/wp\/v2\/pages\/60"}],"collection":[{"href":"http:\/\/wachter-in.com\/de\/wp-json\/wp\/v2\/pages"}],"about":[{"href":"http:\/\/wachter-in.com\/de\/wp-json\/wp\/v2\/types\/page"}],"author":[{"embeddable":true,"href":"http:\/\/wachter-in.com\/de\/wp-json\/wp\/v2\/users\/1"}],"replies":[{"embeddable":true,"href":"http:\/\/wachter-in.com\/de\/wp-json\/wp\/v2\/comments?post=60"}],"version-history":[{"count":20,"href":"http:\/\/wachter-in.com\/de\/wp-json\/wp\/v2\/pages\/60\/revisions"}],"predecessor-version":[{"id":48554,"href":"http:\/\/wachter-in.com\/de\/wp-json\/wp\/v2\/pages\/60\/revisions\/48554"}],"wp:attachment":[{"href":"http:\/\/wachter-in.com\/de\/wp-json\/wp\/v2\/media?parent=60"}],"curies":[{"name":"wp","href":"https:\/\/api.w.org\/{rel}","templated":true}]}}